{"id":12713,"date":"2024-08-29T17:10:04","date_gmt":"2024-08-30T00:10:04","guid":{"rendered":"http:\/\/art.prxdesigns.com\/?post_type=product&#038;p=12713"},"modified":"2025-12-11T11:50:09","modified_gmt":"2025-12-11T19:50:09","slug":"abstract-3","status":"publish","type":"product","link":"https:\/\/art.prxdesigns.com\/es\/producto\/abstract-3\/","title":{"rendered":"&#8220;Golden Fields&#8221; Acrilico sobre lienzo 60.96 x 76.2cm"},"content":{"rendered":"<p><span data-contrast=\"none\">En un mundo vibrante donde los colores cobran vida, cre\u00e9 una pieza titulada &#8220;Campos Dorados&#8221;.<\/span><span data-ccp-props=\"{&quot;201341983&quot;:0,&quot;335551550&quot;:6,&quot;335551620&quot;:6,&quot;335559685&quot;:845,&quot;335559737&quot;:196,&quot;335559739&quot;:0,&quot;335559740&quot;:275,&quot;335559991&quot;:10}\">\u00a0<\/span><\/p>\n<p><span data-contrast=\"none\">Los tonos dorados simbolizan la calidez de la luz solar, mientras que los tonos verdes intensos representan la abundancia de la tierra. Las fluidas l\u00edneas negras simbolizan la conexi\u00f3n entre todos los seres vivos. Representa un santuario sereno donde la luz solar se filtra entre el follaje, creando encantadores patrones de luz y sombra.<\/span><\/p>\n<p><span class=\"NormalTextRun SCXW53190581 BCX0\">Esta pintura refleja mi trayectoria personal, y sus hojas reflejan mis aspiraciones. Cuidar mi jard\u00edn refleja la esencia de la obra, donde cada flor representa resiliencia y esperanza. &#8220;Golden\u00a0<\/span><span class=\"NormalTextRun SpellingErrorV2Themed SCXW53190581 BCX0\">Fields<\/span><span class=\"NormalTextRun SCXW53190581 BCX0\">&#8221; se ha transformado en un s\u00edmbolo de motivaci\u00f3n, animando a otros a cultivar sus propios paisajes de sue\u00f1os y posibilidades ilimitadas.<\/span><\/p>","protected":false},"excerpt":{"rendered":"<p><span data-contrast=\"none\">En un mundo vibrante donde los colores cobran vida, cre\u00e9 una pieza titulada &#8220;Campos Dorados&#8221;.<\/span><span data-ccp-props=\"{&quot;201341983&quot;:0,&quot;335551550&quot;:6,&quot;335551620&quot;:6,&quot;335559685&quot;:845,&quot;335559737&quot;:196,&quot;335559739&quot;:0,&quot;335559740&quot;:275,&quot;335559991&quot;:10}\">\u00a0<\/span><\/p>\n<p><span data-contrast=\"none\">Los tonos dorados simbolizan la calidez de la luz solar, mientras que los tonos verdes intensos representan la abundancia de la tierra. Las fluidas l\u00edneas negras simbolizan la conexi\u00f3n entre todos los seres vivos. Representa un santuario sereno donde la luz solar se filtra entre el follaje, creando encantadores patrones de luz y sombra.<\/span><\/p>\n<p><span class=\"NormalTextRun SCXW53190581 BCX0\">Esta pintura refleja mi trayectoria personal, y sus hojas reflejan mis aspiraciones. Cuidar mi jard\u00edn refleja la esencia de la obra, donde cada flor representa resiliencia y esperanza. &#8220;Golden\u00a0<\/span><span class=\"NormalTextRun SpellingErrorV2Themed SCXW53190581 BCX0\">Fields<\/span><span class=\"NormalTextRun SCXW53190581 BCX0\">&#8221; se ha transformado en un s\u00edmbolo de motivaci\u00f3n, animando a otros a cultivar sus propios paisajes de sue\u00f1os y posibilidades ilimitadas.<\/span><\/p>","protected":false},"featured_media":15102,"comment_status":"open","ping_status":"closed","template":"","meta":[],"product_brand":[],"product_cat":[109,18],"product_tag":[],"class_list":{"0":"post-12713","1":"product","2":"type-product","3":"status-publish","4":"has-post-thumbnail","6":"product_cat-abstract","7":"product_cat-original-paintings","9":"first","10":"instock","11":"sale","12":"shipping-taxable","13":"purchasable","14":"product-type-simple"},"_links":{"self":[{"href":"https:\/\/art.prxdesigns.com\/es\/wp-json\/wp\/v2\/product\/12713","targetHints":{"allow":["GET"]}}],"collection":[{"href":"https:\/\/art.prxdesigns.com\/es\/wp-json\/wp\/v2\/product"}],"about":[{"href":"https:\/\/art.prxdesigns.com\/es\/wp-json\/wp\/v2\/types\/product"}],"replies":[{"embeddable":true,"href":"https:\/\/art.prxdesigns.com\/es\/wp-json\/wp\/v2\/comments?post=12713"}],"wp:featuredmedia":[{"embeddable":true,"href":"https:\/\/art.prxdesigns.com\/es\/wp-json\/wp\/v2\/media\/15102"}],"wp:attachment":[{"href":"https:\/\/art.prxdesigns.com\/es\/wp-json\/wp\/v2\/media?parent=12713"}],"wp:term":[{"taxonomy":"product_brand","embeddable":true,"href":"https:\/\/art.prxdesigns.com\/es\/wp-json\/wp\/v2\/product_brand?post=12713"},{"taxonomy":"product_cat","embeddable":true,"href":"https:\/\/art.prxdesigns.com\/es\/wp-json\/wp\/v2\/product_cat?post=12713"},{"taxonomy":"product_tag","embeddable":true,"href":"https:\/\/art.prxdesigns.com\/es\/wp-json\/wp\/v2\/product_tag?post=12713"}],"curies":[{"name":"wp","href":"https:\/\/api.w.org\/{rel}","templated":true}]}}