{"id":12717,"date":"2024-08-29T17:10:41","date_gmt":"2024-08-30T00:10:41","guid":{"rendered":"http:\/\/art.prxdesigns.com\/?post_type=product&#038;p=12717"},"modified":"2025-12-11T11:49:51","modified_gmt":"2025-12-11T19:49:51","slug":"abstract-4","status":"publish","type":"product","link":"https:\/\/art.prxdesigns.com\/es\/producto\/abstract-4\/","title":{"rendered":"\u201cGoddess of autumn\u201d Acrilico sobre lienzo 53.34 x 53.34cm"},"content":{"rendered":"<p><span class=\"TextRun SCXW142827046 BCX0\" lang=\"ES-ES\" xml:lang=\"ES-ES\" data-contrast=\"none\"><span class=\"NormalTextRun SCXW142827046 BCX0\">La esencia del oto\u00f1o siempre me ha inspirado con su gran gama de colores. Esta transformaci\u00f3n muestra la belleza del cambio. Inspirada por esta \u00e9poca del a\u00f1o, emprend\u00ed un viaje para inmortalizar el esp\u00edritu del oto\u00f1o, un ser m\u00edstico que existe entre nosotros. En mi percepci\u00f3n, ella encarna una figura celestial, regal\u00e1ndonos alegr\u00eda y anim\u00e1ndonos a abrazar las transiciones de la vida.<\/span><\/span><span class=\"EOP SCXW142827046 BCX0\" data-ccp-props=\"{&quot;201341983&quot;:0,&quot;335551550&quot;:6,&quot;335551620&quot;:6,&quot;335559685&quot;:1144,&quot;335559737&quot;:505,&quot;335559739&quot;:1068,&quot;335559740&quot;:273}\">\u00a0<\/span><\/p>","protected":false},"excerpt":{"rendered":"<p><span class=\"TextRun SCXW142827046 BCX0\" lang=\"ES-ES\" xml:lang=\"ES-ES\" data-contrast=\"none\"><span class=\"NormalTextRun SCXW142827046 BCX0\">La esencia del oto\u00f1o siempre me ha inspirado con su gran gama de colores. Esta transformaci\u00f3n muestra la belleza del cambio. Inspirada por esta \u00e9poca del a\u00f1o, emprend\u00ed un viaje para inmortalizar el esp\u00edritu del oto\u00f1o, un ser m\u00edstico que existe entre nosotros. En mi percepci\u00f3n, ella encarna una figura celestial, regal\u00e1ndonos alegr\u00eda y anim\u00e1ndonos a abrazar las transiciones de la vida.<\/span><\/span><span class=\"EOP SCXW142827046 BCX0\" data-ccp-props=\"{&quot;201341983&quot;:0,&quot;335551550&quot;:6,&quot;335551620&quot;:6,&quot;335559685&quot;:1144,&quot;335559737&quot;:505,&quot;335559739&quot;:1068,&quot;335559740&quot;:273}\">\u00a0<\/span><\/p>","protected":false},"featured_media":15105,"comment_status":"closed","ping_status":"closed","template":"","meta":[],"product_brand":[],"product_cat":[109,18],"product_tag":[],"class_list":{"0":"post-12717","1":"product","2":"type-product","3":"status-publish","4":"has-post-thumbnail","6":"product_cat-abstract","7":"product_cat-original-paintings","9":"first","10":"instock","11":"sale","12":"shipping-taxable","13":"purchasable","14":"product-type-simple"},"_links":{"self":[{"href":"https:\/\/art.prxdesigns.com\/es\/wp-json\/wp\/v2\/product\/12717","targetHints":{"allow":["GET"]}}],"collection":[{"href":"https:\/\/art.prxdesigns.com\/es\/wp-json\/wp\/v2\/product"}],"about":[{"href":"https:\/\/art.prxdesigns.com\/es\/wp-json\/wp\/v2\/types\/product"}],"replies":[{"embeddable":true,"href":"https:\/\/art.prxdesigns.com\/es\/wp-json\/wp\/v2\/comments?post=12717"}],"wp:featuredmedia":[{"embeddable":true,"href":"https:\/\/art.prxdesigns.com\/es\/wp-json\/wp\/v2\/media\/15105"}],"wp:attachment":[{"href":"https:\/\/art.prxdesigns.com\/es\/wp-json\/wp\/v2\/media?parent=12717"}],"wp:term":[{"taxonomy":"product_brand","embeddable":true,"href":"https:\/\/art.prxdesigns.com\/es\/wp-json\/wp\/v2\/product_brand?post=12717"},{"taxonomy":"product_cat","embeddable":true,"href":"https:\/\/art.prxdesigns.com\/es\/wp-json\/wp\/v2\/product_cat?post=12717"},{"taxonomy":"product_tag","embeddable":true,"href":"https:\/\/art.prxdesigns.com\/es\/wp-json\/wp\/v2\/product_tag?post=12717"}],"curies":[{"name":"wp","href":"https:\/\/api.w.org\/{rel}","templated":true}]}}