{"id":14887,"date":"2025-09-25T01:02:58","date_gmt":"2025-09-25T08:02:58","guid":{"rendered":"https:\/\/art.prxdesigns.com\/?post_type=product&#038;p=14887"},"modified":"2025-12-11T11:44:53","modified_gmt":"2025-12-11T19:44:53","slug":"pehchan-the-journey-of-self-discovery-acrilico-sobre-lienzo-50-8-x-60-5cm","status":"publish","type":"product","link":"https:\/\/art.prxdesigns.com\/es\/producto\/pehchan-the-journey-of-self-discovery-acrilico-sobre-lienzo-50-8-x-60-5cm\/","title":{"rendered":"&#8220;Pehchan&#8221; (The Journey of Self-Discovery)   Acrilico sobre lienzo   50.8 x 60.5cm"},"content":{"rendered":"<p><span data-contrast=\"none\">El pavo real toma un lugar preciado en mi arte por el profundo significado que conlleva en mi camino espiritual y creativo. Inspirado por Krishna, cuya corona de plumas simboliza la gracia, el amor y la alegr\u00eda divina, me atrae como s\u00edmbolo de transformaci\u00f3n y resiliencia.<\/span><span data-ccp-props=\"{&quot;201341983&quot;:0,&quot;335551550&quot;:6,&quot;335551620&quot;:6,&quot;335559685&quot;:845,&quot;335559737&quot;:196,&quot;335559739&quot;:657,&quot;335559740&quot;:272,&quot;335559991&quot;:10}\">\u00a0<\/span><\/p>\n<p><span data-contrast=\"none\">Cada pincelada es una meditaci\u00f3n y mi pr\u00f3xima exposici\u00f3n,\u00a0Pehchaan, encarna esta esencia. A trav\u00e9s del pavo real, rindo homenaje al equilibrio entre la dedicaci\u00f3n y la expresi\u00f3n, adem\u00e1s de representar la tradici\u00f3n y mi verdad personal.<\/span><span data-ccp-props=\"{&quot;201341983&quot;:0,&quot;335551550&quot;:6,&quot;335551620&quot;:6,&quot;335559685&quot;:845,&quot;335559737&quot;:196,&quot;335559739&quot;:657,&quot;335559740&quot;:272,&quot;335559991&quot;:10}\">\u00a0<\/span><\/p>\n<p><span data-contrast=\"none\">No es solo un ave en mi obra: es una gu\u00eda, una musa y un recordatorio constante de mi prop\u00f3sito en la pintura.<\/span><\/p>","protected":false},"excerpt":{"rendered":"<p><span data-contrast=\"none\">El pavo real toma un lugar preciado en mi arte por el profundo significado que conlleva en mi camino espiritual y creativo. Inspirado por Krishna, cuya corona de plumas simboliza la gracia, el amor y la alegr\u00eda divina, me atrae como s\u00edmbolo de transformaci\u00f3n y resiliencia.<\/span><span data-ccp-props=\"{&quot;201341983&quot;:0,&quot;335551550&quot;:6,&quot;335551620&quot;:6,&quot;335559685&quot;:845,&quot;335559737&quot;:196,&quot;335559739&quot;:657,&quot;335559740&quot;:272,&quot;335559991&quot;:10}\">\u00a0<\/span><\/p>\n<p><span data-contrast=\"none\">Cada pincelada es una meditaci\u00f3n y mi pr\u00f3xima exposici\u00f3n,\u00a0Pehchaan, encarna esta esencia. A trav\u00e9s del pavo real, rindo homenaje al equilibrio entre la dedicaci\u00f3n y la expresi\u00f3n, adem\u00e1s de representar la tradici\u00f3n y mi verdad personal.<\/span><span data-ccp-props=\"{&quot;201341983&quot;:0,&quot;335551550&quot;:6,&quot;335551620&quot;:6,&quot;335559685&quot;:845,&quot;335559737&quot;:196,&quot;335559739&quot;:657,&quot;335559740&quot;:272,&quot;335559991&quot;:10}\">\u00a0<\/span><\/p>\n<p><span data-contrast=\"none\">No es solo un ave en mi obra: es una gu\u00eda, una musa y un recordatorio constante de mi prop\u00f3sito en la pintura.<\/span><\/p>","protected":false},"featured_media":14969,"comment_status":"open","ping_status":"closed","template":"","meta":[],"product_brand":[],"product_cat":[18,24],"product_tag":[],"class_list":{"0":"post-14887","1":"product","2":"type-product","3":"status-publish","4":"has-post-thumbnail","6":"product_cat-original-paintings","7":"product_cat-printouts","9":"first","10":"instock","11":"sale","12":"shipping-taxable","13":"purchasable","14":"product-type-simple"},"_links":{"self":[{"href":"https:\/\/art.prxdesigns.com\/es\/wp-json\/wp\/v2\/product\/14887","targetHints":{"allow":["GET"]}}],"collection":[{"href":"https:\/\/art.prxdesigns.com\/es\/wp-json\/wp\/v2\/product"}],"about":[{"href":"https:\/\/art.prxdesigns.com\/es\/wp-json\/wp\/v2\/types\/product"}],"replies":[{"embeddable":true,"href":"https:\/\/art.prxdesigns.com\/es\/wp-json\/wp\/v2\/comments?post=14887"}],"wp:featuredmedia":[{"embeddable":true,"href":"https:\/\/art.prxdesigns.com\/es\/wp-json\/wp\/v2\/media\/14969"}],"wp:attachment":[{"href":"https:\/\/art.prxdesigns.com\/es\/wp-json\/wp\/v2\/media?parent=14887"}],"wp:term":[{"taxonomy":"product_brand","embeddable":true,"href":"https:\/\/art.prxdesigns.com\/es\/wp-json\/wp\/v2\/product_brand?post=14887"},{"taxonomy":"product_cat","embeddable":true,"href":"https:\/\/art.prxdesigns.com\/es\/wp-json\/wp\/v2\/product_cat?post=14887"},{"taxonomy":"product_tag","embeddable":true,"href":"https:\/\/art.prxdesigns.com\/es\/wp-json\/wp\/v2\/product_tag?post=14887"}],"curies":[{"name":"wp","href":"https:\/\/api.w.org\/{rel}","templated":true}]}}