{"id":14894,"date":"2025-09-25T01:19:34","date_gmt":"2025-09-25T08:19:34","guid":{"rendered":"https:\/\/art.prxdesigns.com\/?post_type=product&#038;p=14894"},"modified":"2025-12-11T11:42:32","modified_gmt":"2025-12-11T19:42:32","slug":"resilient-acrilico-sobre-lienzo-101-6-x-76-2cm","status":"publish","type":"product","link":"https:\/\/art.prxdesigns.com\/es\/producto\/resilient-acrilico-sobre-lienzo-101-6-x-76-2cm\/","title":{"rendered":"&#8220;Resilient&#8221;   Acrilico sobre lienzo   101.6 x 76.2cm"},"content":{"rendered":"<p><span class=\"TextRun SCXW102178059 BCX0\" lang=\"ES-ES\" xml:lang=\"ES-ES\" data-contrast=\"none\"><span class=\"NormalTextRun SCXW102178059 BCX0\">Empec\u00e9 este cuadro con solo una l\u00ednea de\u00a0<\/span><span class=\"NormalTextRun SpellingErrorV2Themed SCXW102178059 BCX0\">charcol<\/span><span class=\"NormalTextRun SCXW102178059 BCX0\">, y a medida que fue creciendo la\u00a0<\/span><span class=\"NormalTextRun ContextualSpellingAndGrammarErrorV2Themed SCXW102178059 BCX0\">figura ,se<\/span><span class=\"NormalTextRun SCXW102178059 BCX0\"> espesa, narrando la historia de desamor y triunfo. Cada curva es un testimonio de las lecciones aprendidas y las dificultades superadas. Este dibujo es mi narrativa, siempre cambiante e inacabado, pero poderoso en su representaci\u00f3n de d\u00f3nde he estado y hacia d\u00f3nde voy.<\/span><\/span><\/p>","protected":false},"excerpt":{"rendered":"<p><span class=\"TextRun SCXW102178059 BCX0\" lang=\"ES-ES\" xml:lang=\"ES-ES\" data-contrast=\"none\"><span class=\"NormalTextRun SCXW102178059 BCX0\">Empec\u00e9 este cuadro con solo una l\u00ednea de\u00a0<\/span><span class=\"NormalTextRun SpellingErrorV2Themed SCXW102178059 BCX0\">charcol<\/span><span class=\"NormalTextRun SCXW102178059 BCX0\">, y a medida que fue creciendo la\u00a0<\/span><span class=\"NormalTextRun ContextualSpellingAndGrammarErrorV2Themed SCXW102178059 BCX0\">figura ,se<\/span><span class=\"NormalTextRun SCXW102178059 BCX0\"> espesa, narrando la historia de desamor y triunfo. Cada curva es un testimonio de las lecciones aprendidas y las dificultades superadas. Este dibujo es mi narrativa, siempre cambiante e inacabado, pero poderoso en su representaci\u00f3n de d\u00f3nde he estado y hacia d\u00f3nde voy.<\/span><\/span><\/p>","protected":false},"featured_media":14975,"comment_status":"open","ping_status":"closed","template":"","meta":[],"product_brand":[],"product_cat":[18,24],"product_tag":[],"class_list":{"0":"post-14894","1":"product","2":"type-product","3":"status-publish","4":"has-post-thumbnail","6":"product_cat-original-paintings","7":"product_cat-printouts","9":"first","10":"instock","11":"sale","12":"shipping-taxable","13":"purchasable","14":"product-type-simple"},"_links":{"self":[{"href":"https:\/\/art.prxdesigns.com\/es\/wp-json\/wp\/v2\/product\/14894","targetHints":{"allow":["GET"]}}],"collection":[{"href":"https:\/\/art.prxdesigns.com\/es\/wp-json\/wp\/v2\/product"}],"about":[{"href":"https:\/\/art.prxdesigns.com\/es\/wp-json\/wp\/v2\/types\/product"}],"replies":[{"embeddable":true,"href":"https:\/\/art.prxdesigns.com\/es\/wp-json\/wp\/v2\/comments?post=14894"}],"wp:featuredmedia":[{"embeddable":true,"href":"https:\/\/art.prxdesigns.com\/es\/wp-json\/wp\/v2\/media\/14975"}],"wp:attachment":[{"href":"https:\/\/art.prxdesigns.com\/es\/wp-json\/wp\/v2\/media?parent=14894"}],"wp:term":[{"taxonomy":"product_brand","embeddable":true,"href":"https:\/\/art.prxdesigns.com\/es\/wp-json\/wp\/v2\/product_brand?post=14894"},{"taxonomy":"product_cat","embeddable":true,"href":"https:\/\/art.prxdesigns.com\/es\/wp-json\/wp\/v2\/product_cat?post=14894"},{"taxonomy":"product_tag","embeddable":true,"href":"https:\/\/art.prxdesigns.com\/es\/wp-json\/wp\/v2\/product_tag?post=14894"}],"curies":[{"name":"wp","href":"https:\/\/api.w.org\/{rel}","templated":true}]}}