{"id":14896,"date":"2025-09-25T01:32:38","date_gmt":"2025-09-25T08:32:38","guid":{"rendered":"https:\/\/art.prxdesigns.com\/?post_type=product&#038;p=14896"},"modified":"2025-12-11T11:42:06","modified_gmt":"2025-12-11T19:42:06","slug":"journey-acrilico-sobre-lienzo-50-8-x-25-4cm","status":"publish","type":"product","link":"https:\/\/art.prxdesigns.com\/es\/producto\/journey-acrilico-sobre-lienzo-50-8-x-25-4cm\/","title":{"rendered":"&#8220;Journey&#8221; Acrilico sobre lienzo 50.8 x 25.4cm"},"content":{"rendered":"<p><span class=\"TextRun SCXW101102498 BCX0\" lang=\"ES-ES\" xml:lang=\"ES-ES\" data-contrast=\"none\"><span class=\"NormalTextRun SCXW101102498 BCX0\">Este cuadro fue mi experimentaci\u00f3n con el estilo abstracto y representa una historia \u00fanica con cada persona. El arte abstracto es \u00fanico en tener significados grandes e infinitos dependiendo de la persona con la que se conecta.<\/span><\/span><span class=\"EOP SCXW101102498 BCX0\" data-ccp-props=\"{&quot;201341983&quot;:0,&quot;335551550&quot;:6,&quot;335551620&quot;:6,&quot;335559739&quot;:1368,&quot;335559740&quot;:269}\">\u00a0<\/span><\/p>","protected":false},"excerpt":{"rendered":"<p><span class=\"TextRun SCXW101102498 BCX0\" lang=\"ES-ES\" xml:lang=\"ES-ES\" data-contrast=\"none\"><span class=\"NormalTextRun SCXW101102498 BCX0\">Este cuadro fue mi experimentaci\u00f3n con el estilo abstracto y representa una historia \u00fanica con cada persona. El arte abstracto es \u00fanico en tener significados grandes e infinitos dependiendo de la persona con la que se conecta.<\/span><\/span><span class=\"EOP SCXW101102498 BCX0\" data-ccp-props=\"{&quot;201341983&quot;:0,&quot;335551550&quot;:6,&quot;335551620&quot;:6,&quot;335559739&quot;:1368,&quot;335559740&quot;:269}\">\u00a0<\/span><\/p>","protected":false},"featured_media":14976,"comment_status":"open","ping_status":"closed","template":"","meta":[],"product_brand":[],"product_cat":[18,24],"product_tag":[],"class_list":{"0":"post-14896","1":"product","2":"type-product","3":"status-publish","4":"has-post-thumbnail","6":"product_cat-original-paintings","7":"product_cat-printouts","9":"first","10":"instock","11":"sale","12":"shipping-taxable","13":"purchasable","14":"product-type-simple"},"_links":{"self":[{"href":"https:\/\/art.prxdesigns.com\/es\/wp-json\/wp\/v2\/product\/14896","targetHints":{"allow":["GET"]}}],"collection":[{"href":"https:\/\/art.prxdesigns.com\/es\/wp-json\/wp\/v2\/product"}],"about":[{"href":"https:\/\/art.prxdesigns.com\/es\/wp-json\/wp\/v2\/types\/product"}],"replies":[{"embeddable":true,"href":"https:\/\/art.prxdesigns.com\/es\/wp-json\/wp\/v2\/comments?post=14896"}],"wp:featuredmedia":[{"embeddable":true,"href":"https:\/\/art.prxdesigns.com\/es\/wp-json\/wp\/v2\/media\/14976"}],"wp:attachment":[{"href":"https:\/\/art.prxdesigns.com\/es\/wp-json\/wp\/v2\/media?parent=14896"}],"wp:term":[{"taxonomy":"product_brand","embeddable":true,"href":"https:\/\/art.prxdesigns.com\/es\/wp-json\/wp\/v2\/product_brand?post=14896"},{"taxonomy":"product_cat","embeddable":true,"href":"https:\/\/art.prxdesigns.com\/es\/wp-json\/wp\/v2\/product_cat?post=14896"},{"taxonomy":"product_tag","embeddable":true,"href":"https:\/\/art.prxdesigns.com\/es\/wp-json\/wp\/v2\/product_tag?post=14896"}],"curies":[{"name":"wp","href":"https:\/\/api.w.org\/{rel}","templated":true}]}}