{"id":14901,"date":"2025-09-25T01:36:53","date_gmt":"2025-09-25T08:36:53","guid":{"rendered":"https:\/\/art.prxdesigns.com\/?post_type=product&#038;p=14901"},"modified":"2026-04-08T10:47:38","modified_gmt":"2026-04-08T17:47:38","slug":"spiritual-escence-acrilico-sobre-lienzo-60-96-x-45-72cm","status":"publish","type":"product","link":"https:\/\/art.prxdesigns.com\/es\/producto\/spiritual-escence-acrilico-sobre-lienzo-60-96-x-45-72cm\/","title":{"rendered":"&#8220;Spiritual Escence&#8221;   Acrilico sobre lienzo 60. 96 x 45.72cm"},"content":{"rendered":"<p><span class=\"TextRun SCXW109810995 BCX0\" lang=\"ES-ES\" xml:lang=\"ES-ES\" data-contrast=\"none\"><span class=\"NormalTextRun SCXW109810995 BCX0\">El loto, venerado por su pureza y resiliencia, ocupa un lugar especial entre deidades hind\u00faes como Krishna. En el\u00a0<\/span><span class=\"NormalTextRun SpellingErrorV2Themed SCXW109810995 BCX0\">Bhagavad<\/span><span class=\"NormalTextRun SCXW109810995 BCX0\">\u00a0Gita, simboliza la superaci\u00f3n de la agitaci\u00f3n, similar a un loto que florece en aguas turbias. Como entusiasta de la meditaci\u00f3n y admirador de Krishna, me identifico profundamente con la profunda esencia espiritual del loto.<\/span><\/span><span class=\"EOP SCXW109810995 BCX0\" data-ccp-props=\"{&quot;201341983&quot;:0,&quot;335551550&quot;:6,&quot;335551620&quot;:6,&quot;335559685&quot;:879,&quot;335559737&quot;:1199,&quot;335559739&quot;:1746,&quot;335559740&quot;:273}\">\u00a0<\/span><\/p>","protected":false},"excerpt":{"rendered":"<p><span class=\"TextRun SCXW109810995 BCX0\" lang=\"ES-ES\" xml:lang=\"ES-ES\" data-contrast=\"none\"><span class=\"NormalTextRun SCXW109810995 BCX0\">El loto, venerado por su pureza y resiliencia, ocupa un lugar especial entre deidades hind\u00faes como Krishna. En el\u00a0<\/span><span class=\"NormalTextRun SpellingErrorV2Themed SCXW109810995 BCX0\">Bhagavad<\/span><span class=\"NormalTextRun SCXW109810995 BCX0\">\u00a0Gita, simboliza la superaci\u00f3n de la agitaci\u00f3n, similar a un loto que florece en aguas turbias. Como entusiasta de la meditaci\u00f3n y admirador de Krishna, me identifico profundamente con la profunda esencia espiritual del loto.<\/span><\/span><span class=\"EOP SCXW109810995 BCX0\" data-ccp-props=\"{&quot;201341983&quot;:0,&quot;335551550&quot;:6,&quot;335551620&quot;:6,&quot;335559685&quot;:879,&quot;335559737&quot;:1199,&quot;335559739&quot;:1746,&quot;335559740&quot;:273}\">\u00a0<\/span><\/p>","protected":false},"featured_media":14978,"comment_status":"open","ping_status":"closed","template":"","meta":[],"product_brand":[],"product_cat":[18,24],"product_tag":[],"class_list":{"0":"post-14901","1":"product","2":"type-product","3":"status-publish","4":"has-post-thumbnail","6":"product_cat-original-paintings","7":"product_cat-printouts","9":"first","10":"instock","11":"sale","12":"shipping-taxable","13":"purchasable","14":"product-type-simple"},"_links":{"self":[{"href":"https:\/\/art.prxdesigns.com\/es\/wp-json\/wp\/v2\/product\/14901","targetHints":{"allow":["GET"]}}],"collection":[{"href":"https:\/\/art.prxdesigns.com\/es\/wp-json\/wp\/v2\/product"}],"about":[{"href":"https:\/\/art.prxdesigns.com\/es\/wp-json\/wp\/v2\/types\/product"}],"replies":[{"embeddable":true,"href":"https:\/\/art.prxdesigns.com\/es\/wp-json\/wp\/v2\/comments?post=14901"}],"wp:featuredmedia":[{"embeddable":true,"href":"https:\/\/art.prxdesigns.com\/es\/wp-json\/wp\/v2\/media\/14978"}],"wp:attachment":[{"href":"https:\/\/art.prxdesigns.com\/es\/wp-json\/wp\/v2\/media?parent=14901"}],"wp:term":[{"taxonomy":"product_brand","embeddable":true,"href":"https:\/\/art.prxdesigns.com\/es\/wp-json\/wp\/v2\/product_brand?post=14901"},{"taxonomy":"product_cat","embeddable":true,"href":"https:\/\/art.prxdesigns.com\/es\/wp-json\/wp\/v2\/product_cat?post=14901"},{"taxonomy":"product_tag","embeddable":true,"href":"https:\/\/art.prxdesigns.com\/es\/wp-json\/wp\/v2\/product_tag?post=14901"}],"curies":[{"name":"wp","href":"https:\/\/api.w.org\/{rel}","templated":true}]}}