{"id":14903,"date":"2025-09-25T01:38:19","date_gmt":"2025-09-25T08:38:19","guid":{"rendered":"https:\/\/art.prxdesigns.com\/?post_type=product&#038;p=14903"},"modified":"2025-12-11T11:41:26","modified_gmt":"2025-12-11T19:41:26","slug":"titulo-acrilico-sobre-lienzo-60-5-x-50-5cm","status":"publish","type":"product","link":"https:\/\/art.prxdesigns.com\/es\/producto\/titulo-acrilico-sobre-lienzo-60-5-x-50-5cm\/","title":{"rendered":"&#8220;Titulo&#8221; Acrilico sobre lienzo   60.5 x 50.5cm"},"content":{"rendered":"<p><span class=\"TextRun SCXW143148537 BCX0\" lang=\"ES-ES\" xml:lang=\"ES-ES\" data-contrast=\"none\"><span class=\"NormalTextRun SCXW143148537 BCX0\">Ella es el centro del oc\u00e9ano, en paz con el balance del mar y de todos en \u00e9l. Esto representa como todos contribuimos al equilibrio del mundo, y c\u00f3mo, al tratar bien a nuestro universo, permanecemos en paz en su balanza.<\/span><\/span><\/p>","protected":false},"excerpt":{"rendered":"<p><span class=\"TextRun SCXW143148537 BCX0\" lang=\"ES-ES\" xml:lang=\"ES-ES\" data-contrast=\"none\"><span class=\"NormalTextRun SCXW143148537 BCX0\">Ella es el centro del oc\u00e9ano, en paz con el balance del mar y de todos en \u00e9l. Esto representa como todos contribuimos al equilibrio del mundo, y c\u00f3mo, al tratar bien a nuestro universo, permanecemos en paz en su balanza.<\/span><\/span><\/p>","protected":false},"featured_media":14979,"comment_status":"open","ping_status":"closed","template":"","meta":[],"product_brand":[],"product_cat":[18,24],"product_tag":[],"class_list":{"0":"post-14903","1":"product","2":"type-product","3":"status-publish","4":"has-post-thumbnail","6":"product_cat-original-paintings","7":"product_cat-printouts","9":"first","10":"instock","11":"sale","12":"shipping-taxable","13":"purchasable","14":"product-type-simple"},"_links":{"self":[{"href":"https:\/\/art.prxdesigns.com\/es\/wp-json\/wp\/v2\/product\/14903","targetHints":{"allow":["GET"]}}],"collection":[{"href":"https:\/\/art.prxdesigns.com\/es\/wp-json\/wp\/v2\/product"}],"about":[{"href":"https:\/\/art.prxdesigns.com\/es\/wp-json\/wp\/v2\/types\/product"}],"replies":[{"embeddable":true,"href":"https:\/\/art.prxdesigns.com\/es\/wp-json\/wp\/v2\/comments?post=14903"}],"wp:featuredmedia":[{"embeddable":true,"href":"https:\/\/art.prxdesigns.com\/es\/wp-json\/wp\/v2\/media\/14979"}],"wp:attachment":[{"href":"https:\/\/art.prxdesigns.com\/es\/wp-json\/wp\/v2\/media?parent=14903"}],"wp:term":[{"taxonomy":"product_brand","embeddable":true,"href":"https:\/\/art.prxdesigns.com\/es\/wp-json\/wp\/v2\/product_brand?post=14903"},{"taxonomy":"product_cat","embeddable":true,"href":"https:\/\/art.prxdesigns.com\/es\/wp-json\/wp\/v2\/product_cat?post=14903"},{"taxonomy":"product_tag","embeddable":true,"href":"https:\/\/art.prxdesigns.com\/es\/wp-json\/wp\/v2\/product_tag?post=14903"}],"curies":[{"name":"wp","href":"https:\/\/api.w.org\/{rel}","templated":true}]}}