{"id":14905,"date":"2025-09-25T01:40:17","date_gmt":"2025-09-25T08:40:17","guid":{"rendered":"https:\/\/art.prxdesigns.com\/?post_type=product&#038;p=14905"},"modified":"2025-12-11T11:32:14","modified_gmt":"2025-12-11T19:32:14","slug":"look-beyond-acrilico-sobre-lienzo-91-x-60-5cm","status":"publish","type":"product","link":"https:\/\/art.prxdesigns.com\/es\/producto\/look-beyond-acrilico-sobre-lienzo-91-x-60-5cm\/","title":{"rendered":"&#8220;Look Beyond&#8221;   Acrilico sobre lienzo 91 x 60.5cm"},"content":{"rendered":"<p><span data-contrast=\"none\">Esta pieza se cre\u00f3 imaginando que hay una persona escalando lo m\u00e1s alto que puede de las monta\u00f1as, al llegar se da cuenta que hay mucho m\u00e1s ah\u00ed de lo que pens\u00f3.<\/span><span data-ccp-props=\"{&quot;201341983&quot;:0,&quot;335551550&quot;:6,&quot;335551620&quot;:6,&quot;335559685&quot;:523,&quot;335559737&quot;:832,&quot;335559739&quot;:0,&quot;335559740&quot;:275,&quot;335559991&quot;:10}\">\u00a0<\/span><\/p>\n<p><span data-contrast=\"none\">Todos tenemos nuestro camino, metas, y aspiraciones; Esto nos lleva a pensar que al obtenerlos seremos felices. Lo que este cuadro nos ense\u00f1a es que la felicidad se encuentra m\u00e1s all\u00e1 de lo material y m\u00e1s all\u00e1 del cielo.<\/span><span data-ccp-props=\"{&quot;201341983&quot;:0,&quot;335551550&quot;:6,&quot;335551620&quot;:6,&quot;335559685&quot;:523,&quot;335559737&quot;:832,&quot;335559739&quot;:1628,&quot;335559740&quot;:275,&quot;335559991&quot;:10}\">\u00a0<\/span><\/p>","protected":false},"excerpt":{"rendered":"<p><span data-contrast=\"none\">Esta pieza se cre\u00f3 imaginando que hay una persona escalando lo m\u00e1s alto que puede de las monta\u00f1as, al llegar se da cuenta que hay mucho m\u00e1s ah\u00ed de lo que pens\u00f3.<\/span><span data-ccp-props=\"{&quot;201341983&quot;:0,&quot;335551550&quot;:6,&quot;335551620&quot;:6,&quot;335559685&quot;:523,&quot;335559737&quot;:832,&quot;335559739&quot;:0,&quot;335559740&quot;:275,&quot;335559991&quot;:10}\">\u00a0<\/span><\/p>\n<p><span data-contrast=\"none\">Todos tenemos nuestro camino, metas, y aspiraciones; Esto nos lleva a pensar que al obtenerlos seremos felices. Lo que este cuadro nos ense\u00f1a es que la felicidad se encuentra m\u00e1s all\u00e1 de lo material y m\u00e1s all\u00e1 del cielo.<\/span><span data-ccp-props=\"{&quot;201341983&quot;:0,&quot;335551550&quot;:6,&quot;335551620&quot;:6,&quot;335559685&quot;:523,&quot;335559737&quot;:832,&quot;335559739&quot;:1628,&quot;335559740&quot;:275,&quot;335559991&quot;:10}\">\u00a0<\/span><\/p>","protected":false},"featured_media":14980,"comment_status":"open","ping_status":"closed","template":"","meta":[],"product_brand":[],"product_cat":[18,24],"product_tag":[],"class_list":{"0":"post-14905","1":"product","2":"type-product","3":"status-publish","4":"has-post-thumbnail","6":"product_cat-original-paintings","7":"product_cat-printouts","9":"first","10":"instock","11":"sale","12":"shipping-taxable","13":"purchasable","14":"product-type-simple"},"_links":{"self":[{"href":"https:\/\/art.prxdesigns.com\/es\/wp-json\/wp\/v2\/product\/14905","targetHints":{"allow":["GET"]}}],"collection":[{"href":"https:\/\/art.prxdesigns.com\/es\/wp-json\/wp\/v2\/product"}],"about":[{"href":"https:\/\/art.prxdesigns.com\/es\/wp-json\/wp\/v2\/types\/product"}],"replies":[{"embeddable":true,"href":"https:\/\/art.prxdesigns.com\/es\/wp-json\/wp\/v2\/comments?post=14905"}],"wp:featuredmedia":[{"embeddable":true,"href":"https:\/\/art.prxdesigns.com\/es\/wp-json\/wp\/v2\/media\/14980"}],"wp:attachment":[{"href":"https:\/\/art.prxdesigns.com\/es\/wp-json\/wp\/v2\/media?parent=14905"}],"wp:term":[{"taxonomy":"product_brand","embeddable":true,"href":"https:\/\/art.prxdesigns.com\/es\/wp-json\/wp\/v2\/product_brand?post=14905"},{"taxonomy":"product_cat","embeddable":true,"href":"https:\/\/art.prxdesigns.com\/es\/wp-json\/wp\/v2\/product_cat?post=14905"},{"taxonomy":"product_tag","embeddable":true,"href":"https:\/\/art.prxdesigns.com\/es\/wp-json\/wp\/v2\/product_tag?post=14905"}],"curies":[{"name":"wp","href":"https:\/\/api.w.org\/{rel}","templated":true}]}}