{"id":14907,"date":"2025-09-25T01:43:12","date_gmt":"2025-09-25T08:43:12","guid":{"rendered":"https:\/\/art.prxdesigns.com\/?post_type=product&#038;p=14907"},"modified":"2025-12-11T11:30:57","modified_gmt":"2025-12-11T19:30:57","slug":"dancing-with-the-waves-acrilico-sobre-lienzo-35-5-x-27-5cm","status":"publish","type":"product","link":"https:\/\/art.prxdesigns.com\/es\/producto\/dancing-with-the-waves-acrilico-sobre-lienzo-35-5-x-27-5cm\/","title":{"rendered":"&#8220;Dancing with the Waves&#8221;   Acrilico sobre lienzo   35.5 x 27.5cm"},"content":{"rendered":"<p><span class=\"TextRun SCXW36714325 BCX0\" lang=\"ES-ES\" xml:lang=\"ES-ES\" data-contrast=\"none\"><span class=\"NormalTextRun SCXW36714325 BCX0\">Aqu\u00ed captur\u00e9 un delf\u00edn saltando y bailando entre las olas. Nos recuerda que debemos ser libres y gozar de la vida ante sus olas y movimientos inesperados. El mar tiene varios tonos de azul por su profundidad y dimensi\u00f3n, y el atardecer detr\u00e1s del delf\u00edn nos demuestra la luz que se encuentra al final de nuestro camino.<\/span><\/span><span class=\"EOP SCXW36714325 BCX0\" data-ccp-props=\"{&quot;201341983&quot;:0,&quot;335551550&quot;:6,&quot;335551620&quot;:6,&quot;335559685&quot;:1264,&quot;335559737&quot;:1573,&quot;335559739&quot;:3087,&quot;335559740&quot;:275,&quot;335559991&quot;:10}\">\u00a0<\/span><\/p>","protected":false},"excerpt":{"rendered":"<p><span class=\"TextRun SCXW36714325 BCX0\" lang=\"ES-ES\" xml:lang=\"ES-ES\" data-contrast=\"none\"><span class=\"NormalTextRun SCXW36714325 BCX0\">Aqu\u00ed captur\u00e9 un delf\u00edn saltando y bailando entre las olas. Nos recuerda que debemos ser libres y gozar de la vida ante sus olas y movimientos inesperados. El mar tiene varios tonos de azul por su profundidad y dimensi\u00f3n, y el atardecer detr\u00e1s del delf\u00edn nos demuestra la luz que se encuentra al final de nuestro camino.<\/span><\/span><span class=\"EOP SCXW36714325 BCX0\" data-ccp-props=\"{&quot;201341983&quot;:0,&quot;335551550&quot;:6,&quot;335551620&quot;:6,&quot;335559685&quot;:1264,&quot;335559737&quot;:1573,&quot;335559739&quot;:3087,&quot;335559740&quot;:275,&quot;335559991&quot;:10}\">\u00a0<\/span><\/p>","protected":false},"featured_media":14982,"comment_status":"open","ping_status":"closed","template":"","meta":[],"product_brand":[],"product_cat":[18,24],"product_tag":[],"class_list":{"0":"post-14907","1":"product","2":"type-product","3":"status-publish","4":"has-post-thumbnail","6":"product_cat-original-paintings","7":"product_cat-printouts","9":"first","10":"instock","11":"sale","12":"shipping-taxable","13":"purchasable","14":"product-type-simple"},"_links":{"self":[{"href":"https:\/\/art.prxdesigns.com\/es\/wp-json\/wp\/v2\/product\/14907","targetHints":{"allow":["GET"]}}],"collection":[{"href":"https:\/\/art.prxdesigns.com\/es\/wp-json\/wp\/v2\/product"}],"about":[{"href":"https:\/\/art.prxdesigns.com\/es\/wp-json\/wp\/v2\/types\/product"}],"replies":[{"embeddable":true,"href":"https:\/\/art.prxdesigns.com\/es\/wp-json\/wp\/v2\/comments?post=14907"}],"wp:featuredmedia":[{"embeddable":true,"href":"https:\/\/art.prxdesigns.com\/es\/wp-json\/wp\/v2\/media\/14982"}],"wp:attachment":[{"href":"https:\/\/art.prxdesigns.com\/es\/wp-json\/wp\/v2\/media?parent=14907"}],"wp:term":[{"taxonomy":"product_brand","embeddable":true,"href":"https:\/\/art.prxdesigns.com\/es\/wp-json\/wp\/v2\/product_brand?post=14907"},{"taxonomy":"product_cat","embeddable":true,"href":"https:\/\/art.prxdesigns.com\/es\/wp-json\/wp\/v2\/product_cat?post=14907"},{"taxonomy":"product_tag","embeddable":true,"href":"https:\/\/art.prxdesigns.com\/es\/wp-json\/wp\/v2\/product_tag?post=14907"}],"curies":[{"name":"wp","href":"https:\/\/api.w.org\/{rel}","templated":true}]}}