{"id":14909,"date":"2025-09-25T01:46:01","date_gmt":"2025-09-25T08:46:01","guid":{"rendered":"https:\/\/art.prxdesigns.com\/?post_type=product&#038;p=14909"},"modified":"2025-12-11T11:29:54","modified_gmt":"2025-12-11T19:29:54","slug":"swan-till-death-do-us-part-acrilico-sobre-lienzo-35-x-27-5cm","status":"publish","type":"product","link":"https:\/\/art.prxdesigns.com\/es\/producto\/swan-till-death-do-us-part-acrilico-sobre-lienzo-35-x-27-5cm\/","title":{"rendered":"&#8220;Swan till death do us part&#8221; Acrilico sobre lienzo 35 x 27.5cm"},"content":{"rendered":"<p><span class=\"TextRun SCXW85251260 BCX0\" lang=\"ES-ES\" xml:lang=\"ES-ES\" data-contrast=\"none\"><span class=\"NormalTextRun SCXW85251260 BCX0\">Este cuadro representa la diferencia entre parejas al inicio y al final de su relaci\u00f3n, se puede ver un patr\u00f3n no tan realizado en la parte superior para representar todas las historias que compartir\u00e1n juntas, y en la parte de abajo podemos ver c\u00f3mo han cambiado y crecido juntos gracias a su amor.<\/span><\/span><span class=\"EOP SCXW85251260 BCX0\" data-ccp-props=\"{&quot;201341983&quot;:0,&quot;335551550&quot;:6,&quot;335551620&quot;:6,&quot;335559685&quot;:1524,&quot;335559737&quot;:1301,&quot;335559739&quot;:711,&quot;335559740&quot;:273,&quot;335559991&quot;:10}\">\u00a0<\/span><\/p>","protected":false},"excerpt":{"rendered":"<p><span class=\"TextRun SCXW85251260 BCX0\" lang=\"ES-ES\" xml:lang=\"ES-ES\" data-contrast=\"none\"><span class=\"NormalTextRun SCXW85251260 BCX0\">Este cuadro representa la diferencia entre parejas al inicio y al final de su relaci\u00f3n, se puede ver un patr\u00f3n no tan realizado en la parte superior para representar todas las historias que compartir\u00e1n juntas, y en la parte de abajo podemos ver c\u00f3mo han cambiado y crecido juntos gracias a su amor.<\/span><\/span><span class=\"EOP SCXW85251260 BCX0\" data-ccp-props=\"{&quot;201341983&quot;:0,&quot;335551550&quot;:6,&quot;335551620&quot;:6,&quot;335559685&quot;:1524,&quot;335559737&quot;:1301,&quot;335559739&quot;:711,&quot;335559740&quot;:273,&quot;335559991&quot;:10}\">\u00a0<\/span><\/p>","protected":false},"featured_media":14983,"comment_status":"open","ping_status":"closed","template":"","meta":[],"product_brand":[],"product_cat":[18,24],"product_tag":[],"class_list":{"0":"post-14909","1":"product","2":"type-product","3":"status-publish","4":"has-post-thumbnail","6":"product_cat-original-paintings","7":"product_cat-printouts","9":"first","10":"instock","11":"sale","12":"shipping-taxable","13":"purchasable","14":"product-type-simple"},"_links":{"self":[{"href":"https:\/\/art.prxdesigns.com\/es\/wp-json\/wp\/v2\/product\/14909","targetHints":{"allow":["GET"]}}],"collection":[{"href":"https:\/\/art.prxdesigns.com\/es\/wp-json\/wp\/v2\/product"}],"about":[{"href":"https:\/\/art.prxdesigns.com\/es\/wp-json\/wp\/v2\/types\/product"}],"replies":[{"embeddable":true,"href":"https:\/\/art.prxdesigns.com\/es\/wp-json\/wp\/v2\/comments?post=14909"}],"wp:featuredmedia":[{"embeddable":true,"href":"https:\/\/art.prxdesigns.com\/es\/wp-json\/wp\/v2\/media\/14983"}],"wp:attachment":[{"href":"https:\/\/art.prxdesigns.com\/es\/wp-json\/wp\/v2\/media?parent=14909"}],"wp:term":[{"taxonomy":"product_brand","embeddable":true,"href":"https:\/\/art.prxdesigns.com\/es\/wp-json\/wp\/v2\/product_brand?post=14909"},{"taxonomy":"product_cat","embeddable":true,"href":"https:\/\/art.prxdesigns.com\/es\/wp-json\/wp\/v2\/product_cat?post=14909"},{"taxonomy":"product_tag","embeddable":true,"href":"https:\/\/art.prxdesigns.com\/es\/wp-json\/wp\/v2\/product_tag?post=14909"}],"curies":[{"name":"wp","href":"https:\/\/api.w.org\/{rel}","templated":true}]}}