{"id":14912,"date":"2025-09-25T01:48:43","date_gmt":"2025-09-25T08:48:43","guid":{"rendered":"https:\/\/art.prxdesigns.com\/?post_type=product&#038;p=14912"},"modified":"2025-12-11T11:28:28","modified_gmt":"2025-12-11T19:28:28","slug":"youre-free-to-be-different-acrilico-sobre-lienzo-27-5-x-35cm","status":"publish","type":"product","link":"https:\/\/art.prxdesigns.com\/es\/producto\/youre-free-to-be-different-acrilico-sobre-lienzo-27-5-x-35cm\/","title":{"rendered":"&#8220;You\u2019re free to be Different&#8221;   Acrilico sobre lienzo   27.5 x 35cm"},"content":{"rendered":"<p><span class=\"TextRun SCXW231701856 BCX0\" lang=\"ES-ES\" xml:lang=\"ES-ES\" data-contrast=\"none\"><span class=\"NormalTextRun SCXW231701856 BCX0\">Esta pintura fue hecha hace algunos a\u00f1os, y representa la belleza interna que tenemos dentro. Nos recuerda que todo lo que nos hace diferentes nos permite encontrar nuestra alma y belleza propia sin importar los est\u00e1ndares de la sociedad. La mujer en el cuadro est\u00e1 floreciendo porque al encontrar las cosas que la hacen \u00fanica y feliz, podr\u00e1 crecer y ser la mejor versi\u00f3n de ella misma.<\/span><\/span><\/p>","protected":false},"excerpt":{"rendered":"<p><span class=\"TextRun SCXW231701856 BCX0\" lang=\"ES-ES\" xml:lang=\"ES-ES\" data-contrast=\"none\"><span class=\"NormalTextRun SCXW231701856 BCX0\">Esta pintura fue hecha hace algunos a\u00f1os, y representa la belleza interna que tenemos dentro. Nos recuerda que todo lo que nos hace diferentes nos permite encontrar nuestra alma y belleza propia sin importar los est\u00e1ndares de la sociedad. La mujer en el cuadro est\u00e1 floreciendo porque al encontrar las cosas que la hacen \u00fanica y feliz, podr\u00e1 crecer y ser la mejor versi\u00f3n de ella misma.<\/span><\/span><\/p>","protected":false},"featured_media":14984,"comment_status":"open","ping_status":"closed","template":"","meta":[],"product_brand":[],"product_cat":[18,24],"product_tag":[],"class_list":{"0":"post-14912","1":"product","2":"type-product","3":"status-publish","4":"has-post-thumbnail","6":"product_cat-original-paintings","7":"product_cat-printouts","9":"first","10":"instock","11":"sale","12":"shipping-taxable","13":"purchasable","14":"product-type-simple"},"_links":{"self":[{"href":"https:\/\/art.prxdesigns.com\/es\/wp-json\/wp\/v2\/product\/14912","targetHints":{"allow":["GET"]}}],"collection":[{"href":"https:\/\/art.prxdesigns.com\/es\/wp-json\/wp\/v2\/product"}],"about":[{"href":"https:\/\/art.prxdesigns.com\/es\/wp-json\/wp\/v2\/types\/product"}],"replies":[{"embeddable":true,"href":"https:\/\/art.prxdesigns.com\/es\/wp-json\/wp\/v2\/comments?post=14912"}],"wp:featuredmedia":[{"embeddable":true,"href":"https:\/\/art.prxdesigns.com\/es\/wp-json\/wp\/v2\/media\/14984"}],"wp:attachment":[{"href":"https:\/\/art.prxdesigns.com\/es\/wp-json\/wp\/v2\/media?parent=14912"}],"wp:term":[{"taxonomy":"product_brand","embeddable":true,"href":"https:\/\/art.prxdesigns.com\/es\/wp-json\/wp\/v2\/product_brand?post=14912"},{"taxonomy":"product_cat","embeddable":true,"href":"https:\/\/art.prxdesigns.com\/es\/wp-json\/wp\/v2\/product_cat?post=14912"},{"taxonomy":"product_tag","embeddable":true,"href":"https:\/\/art.prxdesigns.com\/es\/wp-json\/wp\/v2\/product_tag?post=14912"}],"curies":[{"name":"wp","href":"https:\/\/api.w.org\/{rel}","templated":true}]}}