{"id":14942,"date":"2025-09-25T02:12:57","date_gmt":"2025-09-25T09:12:57","guid":{"rendered":"https:\/\/art.prxdesigns.com\/?post_type=product&#038;p=14942"},"modified":"2025-12-11T11:25:20","modified_gmt":"2025-12-11T19:25:20","slug":"be-the-flower-acrilico-sobre-lienzo-91-x-60-5cm","status":"publish","type":"product","link":"https:\/\/art.prxdesigns.com\/es\/producto\/be-the-flower-acrilico-sobre-lienzo-91-x-60-5cm\/","title":{"rendered":"&#8220;Be The Flower&#8221; Acrilico sobre lienzo 91 x 60.5cm"},"content":{"rendered":"<p><span data-contrast=\"none\">\u00c1mate a ti mismo. No dejes que la vida te robe la inocencia ni silencie tu voz. Como una flor en la brisa, abraza tu esencia.<\/span><span data-ccp-props=\"{&quot;201341983&quot;:0,&quot;335551550&quot;:6,&quot;335551620&quot;:6,&quot;335559685&quot;:716,&quot;335559737&quot;:1025,&quot;335559739&quot;:0,&quot;335559740&quot;:273,&quot;335559991&quot;:10}\">\u00a0<\/span><\/p>\n<p><span data-contrast=\"none\">Deja que tu perfume perdure, una fragancia de amor brillante. Mantente firme en medio de las tormentas, brilla tu belleza, una luz radiante.<\/span><span data-ccp-props=\"{&quot;201341983&quot;:0,&quot;335551550&quot;:6,&quot;335551620&quot;:6,&quot;335559685&quot;:716,&quot;335559737&quot;:1025,&quot;335559739&quot;:0,&quot;335559740&quot;:273,&quot;335559991&quot;:10}\">\u00a0<\/span><\/p>\n<p><span data-contrast=\"none\">S\u00e9\u00a0como\u00a0la flor, vibrante y libre, en un mundo que puede apagarse. Af\u00e9rrate a tu esp\u00edritu y alegr\u00eda, deja que brillen tus verdaderos colores.<\/span><span data-ccp-props=\"{&quot;201341983&quot;:0,&quot;335551550&quot;:6,&quot;335551620&quot;:6,&quot;335559685&quot;:716,&quot;335559737&quot;:1025,&quot;335559739&quot;:0,&quot;335559740&quot;:273,&quot;335559991&quot;:10}\">\u00a0<\/span><\/p>\n<p><span data-contrast=\"none\">Mi obra de arte se basa en un mensaje inspirador: S\u00c9 LA FLOR.<\/span><\/p>","protected":false},"excerpt":{"rendered":"<p><span data-contrast=\"none\">\u00c1mate a ti mismo. No dejes que la vida te robe la inocencia ni silencie tu voz. Como una flor en la brisa, abraza tu esencia.<\/span><span data-ccp-props=\"{&quot;201341983&quot;:0,&quot;335551550&quot;:6,&quot;335551620&quot;:6,&quot;335559685&quot;:716,&quot;335559737&quot;:1025,&quot;335559739&quot;:0,&quot;335559740&quot;:273,&quot;335559991&quot;:10}\">\u00a0<\/span><\/p>\n<p><span data-contrast=\"none\">Deja que tu perfume perdure, una fragancia de amor brillante. Mantente firme en medio de las tormentas, brilla tu belleza, una luz radiante.<\/span><span data-ccp-props=\"{&quot;201341983&quot;:0,&quot;335551550&quot;:6,&quot;335551620&quot;:6,&quot;335559685&quot;:716,&quot;335559737&quot;:1025,&quot;335559739&quot;:0,&quot;335559740&quot;:273,&quot;335559991&quot;:10}\">\u00a0<\/span><\/p>\n<p><span data-contrast=\"none\">S\u00e9\u00a0como\u00a0la flor, vibrante y libre, en un mundo que puede apagarse. Af\u00e9rrate a tu esp\u00edritu y alegr\u00eda, deja que brillen tus verdaderos colores.<\/span><span data-ccp-props=\"{&quot;201341983&quot;:0,&quot;335551550&quot;:6,&quot;335551620&quot;:6,&quot;335559685&quot;:716,&quot;335559737&quot;:1025,&quot;335559739&quot;:0,&quot;335559740&quot;:273,&quot;335559991&quot;:10}\">\u00a0<\/span><\/p>\n<p><span data-contrast=\"none\">Mi obra de arte se basa en un mensaje inspirador: S\u00c9 LA FLOR.<\/span><\/p>","protected":false},"featured_media":14998,"comment_status":"open","ping_status":"closed","template":"","meta":[],"product_brand":[],"product_cat":[18,24],"product_tag":[],"class_list":{"0":"post-14942","1":"product","2":"type-product","3":"status-publish","4":"has-post-thumbnail","6":"product_cat-original-paintings","7":"product_cat-printouts","9":"first","10":"instock","11":"sale","12":"shipping-taxable","13":"purchasable","14":"product-type-simple"},"_links":{"self":[{"href":"https:\/\/art.prxdesigns.com\/es\/wp-json\/wp\/v2\/product\/14942","targetHints":{"allow":["GET"]}}],"collection":[{"href":"https:\/\/art.prxdesigns.com\/es\/wp-json\/wp\/v2\/product"}],"about":[{"href":"https:\/\/art.prxdesigns.com\/es\/wp-json\/wp\/v2\/types\/product"}],"replies":[{"embeddable":true,"href":"https:\/\/art.prxdesigns.com\/es\/wp-json\/wp\/v2\/comments?post=14942"}],"wp:featuredmedia":[{"embeddable":true,"href":"https:\/\/art.prxdesigns.com\/es\/wp-json\/wp\/v2\/media\/14998"}],"wp:attachment":[{"href":"https:\/\/art.prxdesigns.com\/es\/wp-json\/wp\/v2\/media?parent=14942"}],"wp:term":[{"taxonomy":"product_brand","embeddable":true,"href":"https:\/\/art.prxdesigns.com\/es\/wp-json\/wp\/v2\/product_brand?post=14942"},{"taxonomy":"product_cat","embeddable":true,"href":"https:\/\/art.prxdesigns.com\/es\/wp-json\/wp\/v2\/product_cat?post=14942"},{"taxonomy":"product_tag","embeddable":true,"href":"https:\/\/art.prxdesigns.com\/es\/wp-json\/wp\/v2\/product_tag?post=14942"}],"curies":[{"name":"wp","href":"https:\/\/api.w.org\/{rel}","templated":true}]}}