{"id":15107,"date":"2025-11-05T09:19:41","date_gmt":"2025-11-05T17:19:41","guid":{"rendered":"https:\/\/art.prxdesigns.com\/?post_type=product&#038;p=15107"},"modified":"2025-12-11T10:52:24","modified_gmt":"2025-12-11T18:52:24","slug":"the-oceans-core-acrilico-sobre-lienzo-60-5-x-50-5cm","status":"publish","type":"product","link":"https:\/\/art.prxdesigns.com\/es\/producto\/the-oceans-core-acrilico-sobre-lienzo-60-5-x-50-5cm\/","title":{"rendered":"&#8220;The Ocean\u2019s Core&#8221; Acrilico sobre lienzo 60.5 x 50.5cm"},"content":{"rendered":"<p><span class=\"a_GcMg font-feature-liga-off font-feature-clig-off font-feature-calt-off text-decoration-none text-strikethrough-none\">Ella es el centro del oc\u00e9ano, en paz con el balance del mar y de todos en \u00e9l. Esto representa como todos contribuimos al equilibrio del mundo, y c\u00f3mo, al tratar bien a nuestro universo, permanecemos en paz en su balanza.<\/span><\/p>","protected":false},"excerpt":{"rendered":"<p><span class=\"a_GcMg font-feature-liga-off font-feature-clig-off font-feature-calt-off text-decoration-none text-strikethrough-none\">Ella es el centro del oc\u00e9ano, en paz con el balance del mar y de todos en \u00e9l. Esto representa como todos contribuimos al equilibrio del mundo, y c\u00f3mo, al tratar bien a nuestro universo, permanecemos en paz en su balanza.<\/span><\/p>","protected":false},"featured_media":15108,"comment_status":"open","ping_status":"closed","template":"","meta":[],"product_brand":[],"product_cat":[18],"product_tag":[],"class_list":{"0":"post-15107","1":"product","2":"type-product","3":"status-publish","4":"has-post-thumbnail","6":"product_cat-original-paintings","8":"first","9":"instock","10":"sale","11":"shipping-taxable","12":"purchasable","13":"product-type-simple"},"_links":{"self":[{"href":"https:\/\/art.prxdesigns.com\/es\/wp-json\/wp\/v2\/product\/15107","targetHints":{"allow":["GET"]}}],"collection":[{"href":"https:\/\/art.prxdesigns.com\/es\/wp-json\/wp\/v2\/product"}],"about":[{"href":"https:\/\/art.prxdesigns.com\/es\/wp-json\/wp\/v2\/types\/product"}],"replies":[{"embeddable":true,"href":"https:\/\/art.prxdesigns.com\/es\/wp-json\/wp\/v2\/comments?post=15107"}],"wp:featuredmedia":[{"embeddable":true,"href":"https:\/\/art.prxdesigns.com\/es\/wp-json\/wp\/v2\/media\/15108"}],"wp:attachment":[{"href":"https:\/\/art.prxdesigns.com\/es\/wp-json\/wp\/v2\/media?parent=15107"}],"wp:term":[{"taxonomy":"product_brand","embeddable":true,"href":"https:\/\/art.prxdesigns.com\/es\/wp-json\/wp\/v2\/product_brand?post=15107"},{"taxonomy":"product_cat","embeddable":true,"href":"https:\/\/art.prxdesigns.com\/es\/wp-json\/wp\/v2\/product_cat?post=15107"},{"taxonomy":"product_tag","embeddable":true,"href":"https:\/\/art.prxdesigns.com\/es\/wp-json\/wp\/v2\/product_tag?post=15107"}],"curies":[{"name":"wp","href":"https:\/\/api.w.org\/{rel}","templated":true}]}}