{"id":15115,"date":"2025-11-05T09:33:20","date_gmt":"2025-11-05T17:33:20","guid":{"rendered":"https:\/\/art.prxdesigns.com\/?post_type=product&#038;p=15115"},"modified":"2025-12-11T10:47:31","modified_gmt":"2025-12-11T18:47:31","slug":"bubbles-acrilico-sobre-lienzo","status":"publish","type":"product","link":"https:\/\/art.prxdesigns.com\/es\/producto\/bubbles-acrilico-sobre-lienzo\/","title":{"rendered":"&#8220;Bubbles&#8221; Acrilico sobre lienzo"},"content":{"rendered":"<p><span class=\"a_GcMg font-feature-liga-off font-feature-clig-off font-feature-calt-off text-decoration-none text-strikethrough-none\">Aqu\u00ed podemos ver plantas con peque\u00f1as flores bajo el agua. El agua est\u00e1 representada por los colores marinos de fondo y las burbujas detalladas que se forman entre las plantas.<\/span><\/p>","protected":false},"excerpt":{"rendered":"<p><span class=\"a_GcMg font-feature-liga-off font-feature-clig-off font-feature-calt-off text-decoration-none text-strikethrough-none\">Aqu\u00ed podemos ver plantas con peque\u00f1as flores bajo el agua. El agua est\u00e1 representada por los colores marinos de fondo y las burbujas detalladas que se forman entre las plantas.<\/span><\/p>","protected":false},"featured_media":15116,"comment_status":"open","ping_status":"closed","template":"","meta":[],"product_brand":[],"product_cat":[18],"product_tag":[],"class_list":{"0":"post-15115","1":"product","2":"type-product","3":"status-publish","4":"has-post-thumbnail","6":"product_cat-original-paintings","8":"first","9":"instock","10":"sale","11":"shipping-taxable","12":"purchasable","13":"product-type-simple"},"_links":{"self":[{"href":"https:\/\/art.prxdesigns.com\/es\/wp-json\/wp\/v2\/product\/15115","targetHints":{"allow":["GET"]}}],"collection":[{"href":"https:\/\/art.prxdesigns.com\/es\/wp-json\/wp\/v2\/product"}],"about":[{"href":"https:\/\/art.prxdesigns.com\/es\/wp-json\/wp\/v2\/types\/product"}],"replies":[{"embeddable":true,"href":"https:\/\/art.prxdesigns.com\/es\/wp-json\/wp\/v2\/comments?post=15115"}],"wp:featuredmedia":[{"embeddable":true,"href":"https:\/\/art.prxdesigns.com\/es\/wp-json\/wp\/v2\/media\/15116"}],"wp:attachment":[{"href":"https:\/\/art.prxdesigns.com\/es\/wp-json\/wp\/v2\/media?parent=15115"}],"wp:term":[{"taxonomy":"product_brand","embeddable":true,"href":"https:\/\/art.prxdesigns.com\/es\/wp-json\/wp\/v2\/product_brand?post=15115"},{"taxonomy":"product_cat","embeddable":true,"href":"https:\/\/art.prxdesigns.com\/es\/wp-json\/wp\/v2\/product_cat?post=15115"},{"taxonomy":"product_tag","embeddable":true,"href":"https:\/\/art.prxdesigns.com\/es\/wp-json\/wp\/v2\/product_tag?post=15115"}],"curies":[{"name":"wp","href":"https:\/\/api.w.org\/{rel}","templated":true}]}}