{"id":15117,"date":"2025-11-05T09:35:04","date_gmt":"2025-11-05T17:35:04","guid":{"rendered":"https:\/\/art.prxdesigns.com\/?post_type=product&#038;p=15117"},"modified":"2025-12-11T10:47:07","modified_gmt":"2025-12-11T18:47:07","slug":"chance-the-horse-acrilico-sobre-lienzo-20-34-x-25-5cm","status":"publish","type":"product","link":"https:\/\/art.prxdesigns.com\/es\/producto\/chance-the-horse-acrilico-sobre-lienzo-20-34-x-25-5cm\/","title":{"rendered":"&#8220;Chance the Horse&#8221; Acrilico sobre lienzo 20.34 x 25.5cm"},"content":{"rendered":"<p><span class=\"a_GcMg font-feature-liga-off font-feature-clig-off font-feature-calt-off text-decoration-none text-strikethrough-none\">Un lindo cuadro de un caballo de buena suerte, experimentando la mezcla de varias medias art\u00edsticas como el charcoal, l\u00e1piz, acr\u00edlico, y m\u00e1s.<\/span><\/p>","protected":false},"excerpt":{"rendered":"<p><span class=\"a_GcMg font-feature-liga-off font-feature-clig-off font-feature-calt-off text-decoration-none text-strikethrough-none\">Un lindo cuadro de un caballo de buena suerte, experimentando la mezcla de varias medias art\u00edsticas como el charcoal, l\u00e1piz, acr\u00edlico, y m\u00e1s.<\/span><\/p>","protected":false},"featured_media":15118,"comment_status":"open","ping_status":"closed","template":"","meta":[],"product_brand":[],"product_cat":[18],"product_tag":[],"class_list":{"0":"post-15117","1":"product","2":"type-product","3":"status-publish","4":"has-post-thumbnail","6":"product_cat-original-paintings","8":"first","9":"instock","10":"sale","11":"shipping-taxable","12":"purchasable","13":"product-type-simple"},"_links":{"self":[{"href":"https:\/\/art.prxdesigns.com\/es\/wp-json\/wp\/v2\/product\/15117","targetHints":{"allow":["GET"]}}],"collection":[{"href":"https:\/\/art.prxdesigns.com\/es\/wp-json\/wp\/v2\/product"}],"about":[{"href":"https:\/\/art.prxdesigns.com\/es\/wp-json\/wp\/v2\/types\/product"}],"replies":[{"embeddable":true,"href":"https:\/\/art.prxdesigns.com\/es\/wp-json\/wp\/v2\/comments?post=15117"}],"wp:featuredmedia":[{"embeddable":true,"href":"https:\/\/art.prxdesigns.com\/es\/wp-json\/wp\/v2\/media\/15118"}],"wp:attachment":[{"href":"https:\/\/art.prxdesigns.com\/es\/wp-json\/wp\/v2\/media?parent=15117"}],"wp:term":[{"taxonomy":"product_brand","embeddable":true,"href":"https:\/\/art.prxdesigns.com\/es\/wp-json\/wp\/v2\/product_brand?post=15117"},{"taxonomy":"product_cat","embeddable":true,"href":"https:\/\/art.prxdesigns.com\/es\/wp-json\/wp\/v2\/product_cat?post=15117"},{"taxonomy":"product_tag","embeddable":true,"href":"https:\/\/art.prxdesigns.com\/es\/wp-json\/wp\/v2\/product_tag?post=15117"}],"curies":[{"name":"wp","href":"https:\/\/api.w.org\/{rel}","templated":true}]}}