{"id":15119,"date":"2025-11-05T09:36:53","date_gmt":"2025-11-05T17:36:53","guid":{"rendered":"https:\/\/art.prxdesigns.com\/?post_type=product&#038;p=15119"},"modified":"2026-04-08T10:45:19","modified_gmt":"2026-04-08T17:45:19","slug":"embracing-the-light-a-journey-of-transformation-acrilico-sobre-lienzo-182-88x121-92-cms","status":"publish","type":"product","link":"https:\/\/art.prxdesigns.com\/es\/producto\/embracing-the-light-a-journey-of-transformation-acrilico-sobre-lienzo-182-88x121-92-cms\/","title":{"rendered":"&#8220;Embracing the Light: A Journey of Transformation&#8221; Acrilico sobre lienzo 182.88\u00d7121.92 cms"},"content":{"rendered":"<p class=\"cvGsUA direction-ltr align-justify para-style-body\"><span class=\"a_GcMg font-feature-liga-off font-feature-clig-off font-feature-calt-off text-decoration-none text-strikethrough-none\">Llega un momento en la vida en el que dejamos de escondernos de nosotros mismos y comenzamos a caminar hacia algo m\u00e1s brillante, algo verdadero. Ella avanza con un prop\u00f3sito, con los brazos abiertos no solo a la luz que la espera, sino a todo lo que representa: crecimiento, sanaci\u00f3n y lo desconocido. Su vestido, fluido y adornado con plumas de pavo real, no solo es hermoso, sino que simboliza las capas de su identidad, las historias que ha cargado y el orgullo que finalmente se permite sentir.<\/span><\/p>\n<p class=\"cvGsUA direction-ltr align-justify para-style-body\"><span class=\"a_GcMg font-feature-liga-off font-feature-clig-off font-feature-calt-off text-decoration-none text-strikethrough-none\">As\u00ed es como se ve aceptar el cambio, deshacerse del peso de viejas creencias y caminar con valent\u00eda hacia la luz de quien siempre debiste ser.<\/span><\/p>","protected":false},"excerpt":{"rendered":"<p class=\"cvGsUA direction-ltr align-justify para-style-body\"><span class=\"a_GcMg font-feature-liga-off font-feature-clig-off font-feature-calt-off text-decoration-none text-strikethrough-none\">Llega un momento en la vida en el que dejamos de escondernos de nosotros mismos y comenzamos a caminar hacia algo m\u00e1s brillante, algo verdadero. Ella avanza con un prop\u00f3sito, con los brazos abiertos no solo a la luz que la espera, sino a todo lo que representa: crecimiento, sanaci\u00f3n y lo desconocido. Su vestido, fluido y adornado con plumas de pavo real, no solo es hermoso, sino que simboliza las capas de su identidad, las historias que ha cargado y el orgullo que finalmente se permite sentir.<\/span><\/p>\n<p class=\"cvGsUA direction-ltr align-justify para-style-body\"><span class=\"a_GcMg font-feature-liga-off font-feature-clig-off font-feature-calt-off text-decoration-none text-strikethrough-none\">As\u00ed es como se ve aceptar el cambio, deshacerse del peso de viejas creencias y caminar con valent\u00eda hacia la luz de quien siempre debiste ser.<\/span><\/p>","protected":false},"featured_media":15120,"comment_status":"open","ping_status":"closed","template":"","meta":[],"product_brand":[],"product_cat":[18],"product_tag":[],"class_list":{"0":"post-15119","1":"product","2":"type-product","3":"status-publish","4":"has-post-thumbnail","6":"product_cat-original-paintings","8":"first","9":"instock","10":"sale","11":"shipping-taxable","12":"purchasable","13":"product-type-simple"},"_links":{"self":[{"href":"https:\/\/art.prxdesigns.com\/es\/wp-json\/wp\/v2\/product\/15119","targetHints":{"allow":["GET"]}}],"collection":[{"href":"https:\/\/art.prxdesigns.com\/es\/wp-json\/wp\/v2\/product"}],"about":[{"href":"https:\/\/art.prxdesigns.com\/es\/wp-json\/wp\/v2\/types\/product"}],"replies":[{"embeddable":true,"href":"https:\/\/art.prxdesigns.com\/es\/wp-json\/wp\/v2\/comments?post=15119"}],"wp:featuredmedia":[{"embeddable":true,"href":"https:\/\/art.prxdesigns.com\/es\/wp-json\/wp\/v2\/media\/15120"}],"wp:attachment":[{"href":"https:\/\/art.prxdesigns.com\/es\/wp-json\/wp\/v2\/media?parent=15119"}],"wp:term":[{"taxonomy":"product_brand","embeddable":true,"href":"https:\/\/art.prxdesigns.com\/es\/wp-json\/wp\/v2\/product_brand?post=15119"},{"taxonomy":"product_cat","embeddable":true,"href":"https:\/\/art.prxdesigns.com\/es\/wp-json\/wp\/v2\/product_cat?post=15119"},{"taxonomy":"product_tag","embeddable":true,"href":"https:\/\/art.prxdesigns.com\/es\/wp-json\/wp\/v2\/product_tag?post=15119"}],"curies":[{"name":"wp","href":"https:\/\/api.w.org\/{rel}","templated":true}]}}