{"id":2513,"date":"2024-01-31T10:20:03","date_gmt":"2024-01-31T18:20:03","guid":{"rendered":"http:\/\/art.prxdesigns.com\/?post_type=product&#038;p=2513"},"modified":"2025-12-11T11:58:24","modified_gmt":"2025-12-11T19:58:24","slug":"golden-afternoon","status":"publish","type":"product","link":"https:\/\/art.prxdesigns.com\/es\/producto\/golden-afternoon\/","title":{"rendered":"Golden Afternoon  acrilico sobre lienzo    91.44 x 91.44cm"},"content":{"rendered":"<p><span class=\"TextRun SCXW227498221 BCX0\" lang=\"ES-ES\" xml:lang=\"ES-ES\" data-contrast=\"none\"><span class=\"NormalTextRun SCXW227498221 BCX0\"><span class=\"TextRun SCXW107052924 BCX0\" lang=\"ES-ES\" xml:lang=\"ES-ES\" data-contrast=\"none\"><span class=\"NormalTextRun SCXW107052924 BCX0\">Inspirada por esas tardes de relajaci\u00f3n, decid\u00ed capturar mi zen <\/span><\/span>interior mientras tomaba un t\u00e9. Intent\u00e9 memorizar la luz dorada del sol a su alrededor. Era un espect\u00e1culo resplandeciente. Cuando empez\u00f3 a desaparecer el sol entre las nubes, lo escuchaba decirme \u201cSiente mi calor y mi encanto antes de dormirme esta noche y despertar ma\u00f1ana\u201d.<\/span><\/span><\/p>","protected":false},"excerpt":{"rendered":"<p><span class=\"TextRun SCXW227498221 BCX0\" lang=\"ES-ES\" xml:lang=\"ES-ES\" data-contrast=\"none\"><span class=\"NormalTextRun SCXW227498221 BCX0\"><span class=\"TextRun SCXW107052924 BCX0\" lang=\"ES-ES\" xml:lang=\"ES-ES\" data-contrast=\"none\"><span class=\"NormalTextRun SCXW107052924 BCX0\">Inspirada por esas tardes de relajaci\u00f3n, decid\u00ed capturar mi zen <\/span><\/span>interior mientras tomaba un t\u00e9. Intent\u00e9 memorizar la luz dorada del sol a su alrededor. Era un espect\u00e1culo resplandeciente. Cuando empez\u00f3 a desaparecer el sol entre las nubes, lo escuchaba decirme \u201cSiente mi calor y mi encanto antes de dormirme esta noche y despertar ma\u00f1ana\u201d.<\/span><\/span><\/p>","protected":false},"featured_media":14961,"comment_status":"closed","ping_status":"closed","template":"","meta":[],"product_brand":[],"product_cat":[109,18],"product_tag":[19],"class_list":{"0":"post-2513","1":"product","2":"type-product","3":"status-publish","4":"has-post-thumbnail","6":"product_cat-abstract","7":"product_cat-original-paintings","8":"product_tag-painting","10":"first","11":"instock","12":"sale","13":"sold-individually","14":"shipping-taxable","15":"purchasable","16":"product-type-simple"},"_links":{"self":[{"href":"https:\/\/art.prxdesigns.com\/es\/wp-json\/wp\/v2\/product\/2513","targetHints":{"allow":["GET"]}}],"collection":[{"href":"https:\/\/art.prxdesigns.com\/es\/wp-json\/wp\/v2\/product"}],"about":[{"href":"https:\/\/art.prxdesigns.com\/es\/wp-json\/wp\/v2\/types\/product"}],"replies":[{"embeddable":true,"href":"https:\/\/art.prxdesigns.com\/es\/wp-json\/wp\/v2\/comments?post=2513"}],"wp:featuredmedia":[{"embeddable":true,"href":"https:\/\/art.prxdesigns.com\/es\/wp-json\/wp\/v2\/media\/14961"}],"wp:attachment":[{"href":"https:\/\/art.prxdesigns.com\/es\/wp-json\/wp\/v2\/media?parent=2513"}],"wp:term":[{"taxonomy":"product_brand","embeddable":true,"href":"https:\/\/art.prxdesigns.com\/es\/wp-json\/wp\/v2\/product_brand?post=2513"},{"taxonomy":"product_cat","embeddable":true,"href":"https:\/\/art.prxdesigns.com\/es\/wp-json\/wp\/v2\/product_cat?post=2513"},{"taxonomy":"product_tag","embeddable":true,"href":"https:\/\/art.prxdesigns.com\/es\/wp-json\/wp\/v2\/product_tag?post=2513"}],"curies":[{"name":"wp","href":"https:\/\/api.w.org\/{rel}","templated":true}]}}