{"id":2913,"date":"2024-02-21T11:35:56","date_gmt":"2024-02-21T19:35:56","guid":{"rendered":"http:\/\/art.prxdesigns.com\/?post_type=product&#038;p=2913"},"modified":"2025-12-11T11:56:52","modified_gmt":"2025-12-11T19:56:52","slug":"hibiscus-original-16x16-inches-8x8-inches-each-square-on-canvas","status":"publish","type":"product","link":"https:\/\/art.prxdesigns.com\/es\/producto\/hibiscus-original-16x16-inches-8x8-inches-each-square-on-canvas\/","title":{"rendered":"\u201cHibiscus\u201d acrilico sobre lienzo   25 x 25cm"},"content":{"rendered":"<p><span class=\"TextRun SCXW121767718 BCX0\" lang=\"ES-ES\" xml:lang=\"ES-ES\" data-contrast=\"none\"><span class=\"NormalTextRun SCXW121767718 BCX0\">Esta obra de arte se inspir\u00f3 en la vitalidad de la primavera, incorporando colores frescos y brillantes. Encargada por un cliente que solicitaba una pieza alegre y vivaz, la pintura es una composici\u00f3n \u00fanica compuesta por cuatro lienzos dise\u00f1ados para formar un cuadro en conjunto, que adem\u00e1s permite su exhibici\u00f3n individual.<\/span><\/span><\/p>","protected":false},"excerpt":{"rendered":"<p><span class=\"TextRun SCXW121767718 BCX0\" lang=\"ES-ES\" xml:lang=\"ES-ES\" data-contrast=\"none\"><span class=\"NormalTextRun SCXW121767718 BCX0\">Esta obra de arte se inspir\u00f3 en la vitalidad de la primavera, incorporando colores frescos y brillantes. Encargada por un cliente que solicitaba una pieza alegre y vivaz, la pintura es una composici\u00f3n \u00fanica compuesta por cuatro lienzos dise\u00f1ados para formar un cuadro en conjunto, que adem\u00e1s permite su exhibici\u00f3n individual.<\/span><\/span><\/p>","protected":false},"featured_media":14956,"comment_status":"open","ping_status":"closed","template":"","meta":[],"product_brand":[],"product_cat":[18],"product_tag":[],"class_list":{"0":"post-2913","1":"product","2":"type-product","3":"status-publish","4":"has-post-thumbnail","6":"product_cat-original-paintings","8":"first","9":"instock","10":"sale","11":"shipping-taxable","12":"purchasable","13":"product-type-simple"},"_links":{"self":[{"href":"https:\/\/art.prxdesigns.com\/es\/wp-json\/wp\/v2\/product\/2913","targetHints":{"allow":["GET"]}}],"collection":[{"href":"https:\/\/art.prxdesigns.com\/es\/wp-json\/wp\/v2\/product"}],"about":[{"href":"https:\/\/art.prxdesigns.com\/es\/wp-json\/wp\/v2\/types\/product"}],"replies":[{"embeddable":true,"href":"https:\/\/art.prxdesigns.com\/es\/wp-json\/wp\/v2\/comments?post=2913"}],"wp:featuredmedia":[{"embeddable":true,"href":"https:\/\/art.prxdesigns.com\/es\/wp-json\/wp\/v2\/media\/14956"}],"wp:attachment":[{"href":"https:\/\/art.prxdesigns.com\/es\/wp-json\/wp\/v2\/media?parent=2913"}],"wp:term":[{"taxonomy":"product_brand","embeddable":true,"href":"https:\/\/art.prxdesigns.com\/es\/wp-json\/wp\/v2\/product_brand?post=2913"},{"taxonomy":"product_cat","embeddable":true,"href":"https:\/\/art.prxdesigns.com\/es\/wp-json\/wp\/v2\/product_cat?post=2913"},{"taxonomy":"product_tag","embeddable":true,"href":"https:\/\/art.prxdesigns.com\/es\/wp-json\/wp\/v2\/product_tag?post=2913"}],"curies":[{"name":"wp","href":"https:\/\/api.w.org\/{rel}","templated":true}]}}