{"id":9231,"date":"2024-07-25T17:20:42","date_gmt":"2024-07-26T00:20:42","guid":{"rendered":"http:\/\/art.prxdesigns.com\/?post_type=product&#038;p=9231"},"modified":"2026-04-08T10:51:26","modified_gmt":"2026-04-08T17:51:26","slug":"the-feathers","status":"publish","type":"product","link":"https:\/\/art.prxdesigns.com\/es\/producto\/the-feathers\/","title":{"rendered":"\u201cThe feathers\u201d Acilico sobre lienzo 24&#8243;x36&#8243;"},"content":{"rendered":"<p><b><span data-contrast=\"none\">Las plumas en acr\u00edlico dorado y marr\u00f3n presentan una textura y un tono c\u00e1lido y cautivador. El dorado brillante aporta elegancia a los marrones naturales, y cada pluma contiene detalles \u00fanicos, que, con su toque met\u00e1lico dan vida a la obra. Esta composici\u00f3n refleja la maestr\u00eda de la artista y a la vez celebra la delicada belleza de la naturaleza.<\/span><\/b><span data-ccp-props=\"{&quot;201341983&quot;:0,&quot;335551550&quot;:6,&quot;335551620&quot;:6,&quot;335559685&quot;:1386,&quot;335559737&quot;:1157,&quot;335559739&quot;:2282,&quot;335559740&quot;:275}\">\u00a0<\/span><\/p>\n<p><span data-contrast=\"none\">Puede realizar un pedido por comisi\u00f3n.<\/span><\/p>","protected":false},"excerpt":{"rendered":"<p><b><span data-contrast=\"none\">Las plumas en acr\u00edlico dorado y marr\u00f3n presentan una textura y un tono c\u00e1lido y cautivador. El dorado brillante aporta elegancia a los marrones naturales, y cada pluma contiene detalles \u00fanicos, que, con su toque met\u00e1lico dan vida a la obra. Esta composici\u00f3n refleja la maestr\u00eda de la artista y a la vez celebra la delicada belleza de la naturaleza.<\/span><\/b><span data-ccp-props=\"{&quot;201341983&quot;:0,&quot;335551550&quot;:6,&quot;335551620&quot;:6,&quot;335559685&quot;:1386,&quot;335559737&quot;:1157,&quot;335559739&quot;:2282,&quot;335559740&quot;:275}\">\u00a0<\/span><\/p>\n<p><span data-contrast=\"none\">Puede realizar un pedido por comisi\u00f3n.<\/span><\/p>","protected":false},"featured_media":15098,"comment_status":"open","ping_status":"closed","template":"","meta":[],"product_brand":[],"product_cat":[109,107,18],"product_tag":[],"class_list":{"0":"post-9231","1":"product","2":"type-product","3":"status-publish","4":"has-post-thumbnail","6":"product_cat-abstract","7":"product_cat-autumn-collection","8":"product_cat-original-paintings","10":"first","11":"outofstock","12":"featured","13":"shipping-taxable","14":"product-type-simple"},"_links":{"self":[{"href":"https:\/\/art.prxdesigns.com\/es\/wp-json\/wp\/v2\/product\/9231","targetHints":{"allow":["GET"]}}],"collection":[{"href":"https:\/\/art.prxdesigns.com\/es\/wp-json\/wp\/v2\/product"}],"about":[{"href":"https:\/\/art.prxdesigns.com\/es\/wp-json\/wp\/v2\/types\/product"}],"replies":[{"embeddable":true,"href":"https:\/\/art.prxdesigns.com\/es\/wp-json\/wp\/v2\/comments?post=9231"}],"wp:featuredmedia":[{"embeddable":true,"href":"https:\/\/art.prxdesigns.com\/es\/wp-json\/wp\/v2\/media\/15098"}],"wp:attachment":[{"href":"https:\/\/art.prxdesigns.com\/es\/wp-json\/wp\/v2\/media?parent=9231"}],"wp:term":[{"taxonomy":"product_brand","embeddable":true,"href":"https:\/\/art.prxdesigns.com\/es\/wp-json\/wp\/v2\/product_brand?post=9231"},{"taxonomy":"product_cat","embeddable":true,"href":"https:\/\/art.prxdesigns.com\/es\/wp-json\/wp\/v2\/product_cat?post=9231"},{"taxonomy":"product_tag","embeddable":true,"href":"https:\/\/art.prxdesigns.com\/es\/wp-json\/wp\/v2\/product_tag?post=9231"}],"curies":[{"name":"wp","href":"https:\/\/api.w.org\/{rel}","templated":true}]}}