{"id":9452,"date":"2024-07-29T17:37:06","date_gmt":"2024-07-30T00:37:06","guid":{"rendered":"http:\/\/art.prxdesigns.com\/?post_type=product&#038;p=9452"},"modified":"2025-11-05T08:10:19","modified_gmt":"2025-11-05T16:10:19","slug":"natures-cascade","status":"publish","type":"product","link":"https:\/\/art.prxdesigns.com\/es\/producto\/natures-cascade\/","title":{"rendered":"\u201cNature&#8217;s Cascade\u201d Acrilico sobre lienzo  24&#8243;x30&#8243;"},"content":{"rendered":"<p><span class=\"TextRun SCXW256720219 BCX0\" lang=\"ES-ES\" xml:lang=\"ES-ES\" data-contrast=\"none\"><span class=\"NormalTextRun SCXW256720219 BCX0\">La pintura de la Falla de\u00a0<\/span><span class=\"NormalTextRun SpellingErrorV2Themed SCXW256720219 BCX0\">Multnomah<\/span><span class=\"NormalTextRun SCXW256720219 BCX0\">\u00a0representa una cascada m\u00edstica en tonos verdes, amarillos y azules. Los verdes vibrantes simbolizan la vegetaci\u00f3n, mientras que el amarillo evoca la luz del sol filtr\u00e1ndose entre las hojas, y los azules representan el tranquilo descenso del agua. Esta escena nos invita a experimentar la serena belleza de la naturaleza, donde la atm\u00f3sfera serena nos permite que el mundo exterior se desvanezca.<\/span><\/span><span class=\"EOP SCXW256720219 BCX0\" data-ccp-props=\"{&quot;201341983&quot;:0,&quot;335551550&quot;:6,&quot;335551620&quot;:6,&quot;335559685&quot;:845,&quot;335559737&quot;:196,&quot;335559739&quot;:747,&quot;335559740&quot;:241,&quot;335559991&quot;:10}\">\u00a0<\/span><\/p>","protected":false},"excerpt":{"rendered":"<p><span class=\"TextRun SCXW256720219 BCX0\" lang=\"ES-ES\" xml:lang=\"ES-ES\" data-contrast=\"none\"><span class=\"NormalTextRun SCXW256720219 BCX0\">La pintura de la Falla de\u00a0<\/span><span class=\"NormalTextRun SpellingErrorV2Themed SCXW256720219 BCX0\">Multnomah<\/span><span class=\"NormalTextRun SCXW256720219 BCX0\">\u00a0representa una cascada m\u00edstica en tonos verdes, amarillos y azules. Los verdes vibrantes simbolizan la vegetaci\u00f3n, mientras que el amarillo evoca la luz del sol filtr\u00e1ndose entre las hojas, y los azules representan el tranquilo descenso del agua. Esta escena nos invita a experimentar la serena belleza de la naturaleza, donde la atm\u00f3sfera serena nos permite que el mundo exterior se desvanezca.<\/span><\/span><span class=\"EOP SCXW256720219 BCX0\" data-ccp-props=\"{&quot;201341983&quot;:0,&quot;335551550&quot;:6,&quot;335551620&quot;:6,&quot;335559685&quot;:845,&quot;335559737&quot;:196,&quot;335559739&quot;:747,&quot;335559740&quot;:241,&quot;335559991&quot;:10}\">\u00a0<\/span><\/p>","protected":false},"featured_media":15100,"comment_status":"open","ping_status":"closed","template":"","meta":[],"product_brand":[],"product_cat":[18],"product_tag":[],"class_list":{"0":"post-9452","1":"product","2":"type-product","3":"status-publish","4":"has-post-thumbnail","6":"product_cat-original-paintings","8":"first","9":"outofstock","10":"shipping-taxable","11":"product-type-simple"},"_links":{"self":[{"href":"https:\/\/art.prxdesigns.com\/es\/wp-json\/wp\/v2\/product\/9452","targetHints":{"allow":["GET"]}}],"collection":[{"href":"https:\/\/art.prxdesigns.com\/es\/wp-json\/wp\/v2\/product"}],"about":[{"href":"https:\/\/art.prxdesigns.com\/es\/wp-json\/wp\/v2\/types\/product"}],"replies":[{"embeddable":true,"href":"https:\/\/art.prxdesigns.com\/es\/wp-json\/wp\/v2\/comments?post=9452"}],"wp:featuredmedia":[{"embeddable":true,"href":"https:\/\/art.prxdesigns.com\/es\/wp-json\/wp\/v2\/media\/15100"}],"wp:attachment":[{"href":"https:\/\/art.prxdesigns.com\/es\/wp-json\/wp\/v2\/media?parent=9452"}],"wp:term":[{"taxonomy":"product_brand","embeddable":true,"href":"https:\/\/art.prxdesigns.com\/es\/wp-json\/wp\/v2\/product_brand?post=9452"},{"taxonomy":"product_cat","embeddable":true,"href":"https:\/\/art.prxdesigns.com\/es\/wp-json\/wp\/v2\/product_cat?post=9452"},{"taxonomy":"product_tag","embeddable":true,"href":"https:\/\/art.prxdesigns.com\/es\/wp-json\/wp\/v2\/product_tag?post=9452"}],"curies":[{"name":"wp","href":"https:\/\/api.w.org\/{rel}","templated":true}]}}