{"id":9455,"date":"2024-07-29T17:50:08","date_gmt":"2024-07-30T00:50:08","guid":{"rendered":"http:\/\/art.prxdesigns.com\/?post_type=product&#038;p=9455"},"modified":"2025-11-05T08:02:25","modified_gmt":"2025-11-05T16:02:25","slug":"krishnas-magic","status":"publish","type":"product","link":"https:\/\/art.prxdesigns.com\/es\/producto\/krishnas-magic\/","title":{"rendered":"\u201cKrishna\u2019s feather\u201d Acrilico sobre lienzo 24&#8243;x36&#8243;"},"content":{"rendered":"<p><b><span data-contrast=\"none\">Aqu\u00ed se refleja el brillo celestial del Se\u00f1or Krishna quien posee tanta gracia y serenidad. Cada pluma tiene una historia con un significado: de la suerte a la belleza, desde la eternidad hasta la renovaci\u00f3n, y la esencia misma de la sagrada feminidad. Mi artesan\u00eda se inspira en la espiritualidad, eleva nuestras vibraciones y da vida a una sinfon\u00eda de optimismo. Por ello, este cuadro act\u00faa como un s\u00edmbolo para llenar cualquier hogar de positividad y bendiciones.<\/span><\/b><span data-ccp-props=\"{&quot;201341983&quot;:0,&quot;335551550&quot;:6,&quot;335551620&quot;:6,&quot;335559685&quot;:574,&quot;335559737&quot;:344,&quot;335559739&quot;:1686,&quot;335559740&quot;:271}\">\u00a0<\/span><\/p>\n<p><span data-contrast=\"none\">Puede realizar un pedido por comisi\u00f3n.<\/span><span data-ccp-props=\"{&quot;201341983&quot;:0,&quot;335551550&quot;:2,&quot;335551620&quot;:2,&quot;335559685&quot;:217,&quot;335559739&quot;:0,&quot;335559740&quot;:259}\">\u00a0<\/span><\/p>","protected":false},"excerpt":{"rendered":"<p><b><span data-contrast=\"none\">Aqu\u00ed se refleja el brillo celestial del Se\u00f1or Krishna quien posee tanta gracia y serenidad. Cada pluma tiene una historia con un significado: de la suerte a la belleza, desde la eternidad hasta la renovaci\u00f3n, y la esencia misma de la sagrada feminidad. Mi artesan\u00eda se inspira en la espiritualidad, eleva nuestras vibraciones y da vida a una sinfon\u00eda de optimismo. Por ello, este cuadro act\u00faa como un s\u00edmbolo para llenar cualquier hogar de positividad y bendiciones.<\/span><\/b><span data-ccp-props=\"{&quot;201341983&quot;:0,&quot;335551550&quot;:6,&quot;335551620&quot;:6,&quot;335559685&quot;:574,&quot;335559737&quot;:344,&quot;335559739&quot;:1686,&quot;335559740&quot;:271}\">\u00a0<\/span><\/p>\n<p><span data-contrast=\"none\">Puede realizar un pedido por comisi\u00f3n.<\/span><span data-ccp-props=\"{&quot;201341983&quot;:0,&quot;335551550&quot;:2,&quot;335551620&quot;:2,&quot;335559685&quot;:217,&quot;335559739&quot;:0,&quot;335559740&quot;:259}\">\u00a0<\/span><\/p>","protected":false},"featured_media":15097,"comment_status":"open","ping_status":"closed","template":"","meta":[],"product_brand":[],"product_cat":[18],"product_tag":[],"class_list":{"0":"post-9455","1":"product","2":"type-product","3":"status-publish","4":"has-post-thumbnail","6":"product_cat-original-paintings","8":"first","9":"outofstock","10":"shipping-taxable","11":"product-type-simple"},"_links":{"self":[{"href":"https:\/\/art.prxdesigns.com\/es\/wp-json\/wp\/v2\/product\/9455","targetHints":{"allow":["GET"]}}],"collection":[{"href":"https:\/\/art.prxdesigns.com\/es\/wp-json\/wp\/v2\/product"}],"about":[{"href":"https:\/\/art.prxdesigns.com\/es\/wp-json\/wp\/v2\/types\/product"}],"replies":[{"embeddable":true,"href":"https:\/\/art.prxdesigns.com\/es\/wp-json\/wp\/v2\/comments?post=9455"}],"wp:featuredmedia":[{"embeddable":true,"href":"https:\/\/art.prxdesigns.com\/es\/wp-json\/wp\/v2\/media\/15097"}],"wp:attachment":[{"href":"https:\/\/art.prxdesigns.com\/es\/wp-json\/wp\/v2\/media?parent=9455"}],"wp:term":[{"taxonomy":"product_brand","embeddable":true,"href":"https:\/\/art.prxdesigns.com\/es\/wp-json\/wp\/v2\/product_brand?post=9455"},{"taxonomy":"product_cat","embeddable":true,"href":"https:\/\/art.prxdesigns.com\/es\/wp-json\/wp\/v2\/product_cat?post=9455"},{"taxonomy":"product_tag","embeddable":true,"href":"https:\/\/art.prxdesigns.com\/es\/wp-json\/wp\/v2\/product_tag?post=9455"}],"curies":[{"name":"wp","href":"https:\/\/api.w.org\/{rel}","templated":true}]}}