{"id":9462,"date":"2024-07-29T18:00:14","date_gmt":"2024-07-30T01:00:14","guid":{"rendered":"http:\/\/art.prxdesigns.com\/?post_type=product&#038;p=9462"},"modified":"2025-12-11T11:50:27","modified_gmt":"2025-12-11T19:50:27","slug":"autumn-leaves","status":"publish","type":"product","link":"https:\/\/art.prxdesigns.com\/es\/producto\/autumn-leaves\/","title":{"rendered":"\u201cAutumn Leaves\u201d Acrilico sobre lienzo 58.42 x 78.74cm"},"content":{"rendered":"<p><span class=\"TextRun SCXW110978382 BCX0\" lang=\"ES-ES\" xml:lang=\"ES-ES\" data-contrast=\"none\"><span class=\"NormalTextRun SCXW110978382 BCX0\">Esta cautivadora pintura, inspirada en el oto\u00f1o, utiliza la impresi\u00f3n de hojas para mostrar un vibrante tapiz de colores oto\u00f1ales. La composici\u00f3n evoca hojas que flotan suavemente en un estanque tranquilo, cuyas sombras se reflejan sutilmente debajo, realzando la sensaci\u00f3n de movimiento y vida. Esta obra celebra los colores del oto\u00f1o y nos invita a experimentar la transformaci\u00f3n de la naturaleza.<\/span><\/span><\/p>","protected":false},"excerpt":{"rendered":"<p><span class=\"TextRun SCXW110978382 BCX0\" lang=\"ES-ES\" xml:lang=\"ES-ES\" data-contrast=\"none\"><span class=\"NormalTextRun SCXW110978382 BCX0\">Esta cautivadora pintura, inspirada en el oto\u00f1o, utiliza la impresi\u00f3n de hojas para mostrar un vibrante tapiz de colores oto\u00f1ales. La composici\u00f3n evoca hojas que flotan suavemente en un estanque tranquilo, cuyas sombras se reflejan sutilmente debajo, realzando la sensaci\u00f3n de movimiento y vida. Esta obra celebra los colores del oto\u00f1o y nos invita a experimentar la transformaci\u00f3n de la naturaleza.<\/span><\/span><\/p>","protected":false},"featured_media":15101,"comment_status":"closed","ping_status":"closed","template":"","meta":[],"product_brand":[],"product_cat":[107,18],"product_tag":[],"class_list":{"0":"post-9462","1":"product","2":"type-product","3":"status-publish","4":"has-post-thumbnail","6":"product_cat-autumn-collection","7":"product_cat-original-paintings","9":"first","10":"instock","11":"sale","12":"featured","13":"shipping-taxable","14":"purchasable","15":"product-type-simple"},"_links":{"self":[{"href":"https:\/\/art.prxdesigns.com\/es\/wp-json\/wp\/v2\/product\/9462","targetHints":{"allow":["GET"]}}],"collection":[{"href":"https:\/\/art.prxdesigns.com\/es\/wp-json\/wp\/v2\/product"}],"about":[{"href":"https:\/\/art.prxdesigns.com\/es\/wp-json\/wp\/v2\/types\/product"}],"replies":[{"embeddable":true,"href":"https:\/\/art.prxdesigns.com\/es\/wp-json\/wp\/v2\/comments?post=9462"}],"wp:featuredmedia":[{"embeddable":true,"href":"https:\/\/art.prxdesigns.com\/es\/wp-json\/wp\/v2\/media\/15101"}],"wp:attachment":[{"href":"https:\/\/art.prxdesigns.com\/es\/wp-json\/wp\/v2\/media?parent=9462"}],"wp:term":[{"taxonomy":"product_brand","embeddable":true,"href":"https:\/\/art.prxdesigns.com\/es\/wp-json\/wp\/v2\/product_brand?post=9462"},{"taxonomy":"product_cat","embeddable":true,"href":"https:\/\/art.prxdesigns.com\/es\/wp-json\/wp\/v2\/product_cat?post=9462"},{"taxonomy":"product_tag","embeddable":true,"href":"https:\/\/art.prxdesigns.com\/es\/wp-json\/wp\/v2\/product_tag?post=9462"}],"curies":[{"name":"wp","href":"https:\/\/api.w.org\/{rel}","templated":true}]}}